{"id":3089,"date":"2019-12-11T15:43:10","date_gmt":"2019-12-11T15:43:10","guid":{"rendered":"https:\/\/micielo.es\/vacaciones-familiares-en-lavanda-calendula\/"},"modified":"2024-01-18T13:04:15","modified_gmt":"2024-01-18T13:04:15","slug":"vacaciones-familiares-en-lavanda-calendula","status":"publish","type":"page","link":"https:\/\/micielo.es\/es\/vacaciones-familiares-en-lavanda-calendula\/","title":{"rendered":"Vacaciones Familiares en Lavanda + Cal\u00e9ndula"},"content":{"rendered":"\n<p class=\"has-text-color has-background wp-block-paragraph\" style=\"color:#039111;background-color:#e8f9c2;font-size:26px\"><strong><em>Vacaciones Familiares en Lavanda + Cal\u00e9ndula<\/em><\/strong><\/p>\n\n<p class=\"wp-block-paragraph\"><\/p>\n\n<div class=\"wp-block-media-text alignwide is-stacked-on-mobile\"><figure class=\"wp-block-media-text__media\"><img data-recalc-dims=\"1\" loading=\"lazy\" decoding=\"async\" width=\"700\" height=\"394\" src=\"https:\/\/i0.wp.com\/micielo.es\/wp-content\/uploads\/2022\/01\/20210326_160637.jpg?resize=700%2C394&#038;ssl=1\" alt=\"\" class=\"wp-image-2350 size-full\" srcset=\"https:\/\/i0.wp.com\/micielo.es\/wp-content\/uploads\/2022\/01\/20210326_160637.jpg?resize=1024%2C576&amp;ssl=1 1024w, https:\/\/i0.wp.com\/micielo.es\/wp-content\/uploads\/2022\/01\/20210326_160637.jpg?resize=300%2C169&amp;ssl=1 300w, https:\/\/i0.wp.com\/micielo.es\/wp-content\/uploads\/2022\/01\/20210326_160637.jpg?resize=768%2C432&amp;ssl=1 768w, https:\/\/i0.wp.com\/micielo.es\/wp-content\/uploads\/2022\/01\/20210326_160637.jpg?resize=1536%2C864&amp;ssl=1 1536w, https:\/\/i0.wp.com\/micielo.es\/wp-content\/uploads\/2022\/01\/20210326_160637.jpg?resize=2048%2C1152&amp;ssl=1 2048w, https:\/\/i0.wp.com\/micielo.es\/wp-content\/uploads\/2022\/01\/20210326_160637.jpg?resize=1200%2C675&amp;ssl=1 1200w, https:\/\/i0.wp.com\/micielo.es\/wp-content\/uploads\/2022\/01\/20210326_160637.jpg?resize=772%2C434&amp;ssl=1 772w, https:\/\/i0.wp.com\/micielo.es\/wp-content\/uploads\/2022\/01\/20210326_160637.jpg?resize=1230%2C692&amp;ssl=1 1230w, https:\/\/i0.wp.com\/micielo.es\/wp-content\/uploads\/2022\/01\/20210326_160637.jpg?resize=314%2C177&amp;ssl=1 314w, https:\/\/i0.wp.com\/micielo.es\/wp-content\/uploads\/2022\/01\/20210326_160637.jpg?w=1400&amp;ssl=1 1400w, https:\/\/i0.wp.com\/micielo.es\/wp-content\/uploads\/2022\/01\/20210326_160637.jpg?w=2100&amp;ssl=1 2100w\" sizes=\"auto, (max-width: 700px) 100vw, 700px\" \/><\/figure><div class=\"wp-block-media-text__content\">\n<p class=\"has-normal-font-size wp-block-paragraph\">Vacaciones en <em>miCielo<\/em> en familia, hijos, padres, abuelos, amigos&#8230; <\/p>\n<\/div><\/div>\n\n<p class=\"wp-block-paragraph\"><\/p>\n\n<div class=\"wp-block-media-text alignwide is-stacked-on-mobile\"><figure class=\"wp-block-media-text__media\"><img data-recalc-dims=\"1\" loading=\"lazy\" decoding=\"async\" width=\"700\" height=\"467\" src=\"https:\/\/i0.wp.com\/micielo.es\/wp-content\/uploads\/2022\/01\/DSCF3663.jpg?resize=700%2C467&#038;ssl=1\" alt=\"\" class=\"wp-image-2354 size-full\" srcset=\"https:\/\/i0.wp.com\/micielo.es\/wp-content\/uploads\/2022\/01\/DSCF3663.jpg?resize=1024%2C683&amp;ssl=1 1024w, https:\/\/i0.wp.com\/micielo.es\/wp-content\/uploads\/2022\/01\/DSCF3663.jpg?resize=300%2C200&amp;ssl=1 300w, https:\/\/i0.wp.com\/micielo.es\/wp-content\/uploads\/2022\/01\/DSCF3663.jpg?resize=768%2C512&amp;ssl=1 768w, https:\/\/i0.wp.com\/micielo.es\/wp-content\/uploads\/2022\/01\/DSCF3663.jpg?resize=1536%2C1024&amp;ssl=1 1536w, https:\/\/i0.wp.com\/micielo.es\/wp-content\/uploads\/2022\/01\/DSCF3663.jpg?resize=2048%2C1366&amp;ssl=1 2048w, https:\/\/i0.wp.com\/micielo.es\/wp-content\/uploads\/2022\/01\/DSCF3663.jpg?resize=1200%2C800&amp;ssl=1 1200w, https:\/\/i0.wp.com\/micielo.es\/wp-content\/uploads\/2022\/01\/DSCF3663.jpg?resize=772%2C515&amp;ssl=1 772w, https:\/\/i0.wp.com\/micielo.es\/wp-content\/uploads\/2022\/01\/DSCF3663.jpg?resize=1230%2C820&amp;ssl=1 1230w, https:\/\/i0.wp.com\/micielo.es\/wp-content\/uploads\/2022\/01\/DSCF3663.jpg?resize=288%2C192&amp;ssl=1 288w, https:\/\/i0.wp.com\/micielo.es\/wp-content\/uploads\/2022\/01\/DSCF3663.jpg?w=1400&amp;ssl=1 1400w, https:\/\/i0.wp.com\/micielo.es\/wp-content\/uploads\/2022\/01\/DSCF3663.jpg?w=2100&amp;ssl=1 2100w\" sizes=\"auto, (max-width: 700px) 100vw, 700px\" \/><\/figure><div class=\"wp-block-media-text__content\">\n<p class=\"has-normal-font-size wp-block-paragraph\"><strong>Las dos casas en los \u00e1rboles, Calendula y Lavanda<\/strong> , son perfectas para pasar unas vacaciones juntos con suficiente espacio de retiro para todos. <\/p>\n<\/div><\/div>\n\n<p class=\"wp-block-paragraph\"><\/p>\n\n<div class=\"wp-block-media-text alignwide is-stacked-on-mobile\"><figure class=\"wp-block-media-text__media\"><img data-recalc-dims=\"1\" loading=\"lazy\" decoding=\"async\" width=\"700\" height=\"467\" src=\"https:\/\/i0.wp.com\/micielo.es\/wp-content\/uploads\/2022\/01\/DSCF4360.jpg?resize=700%2C467&#038;ssl=1\" alt=\"\" class=\"wp-image-2352 size-full\" srcset=\"https:\/\/i0.wp.com\/micielo.es\/wp-content\/uploads\/2022\/01\/DSCF4360.jpg?resize=1024%2C683&amp;ssl=1 1024w, https:\/\/i0.wp.com\/micielo.es\/wp-content\/uploads\/2022\/01\/DSCF4360.jpg?resize=300%2C200&amp;ssl=1 300w, https:\/\/i0.wp.com\/micielo.es\/wp-content\/uploads\/2022\/01\/DSCF4360.jpg?resize=768%2C512&amp;ssl=1 768w, https:\/\/i0.wp.com\/micielo.es\/wp-content\/uploads\/2022\/01\/DSCF4360.jpg?resize=1536%2C1024&amp;ssl=1 1536w, https:\/\/i0.wp.com\/micielo.es\/wp-content\/uploads\/2022\/01\/DSCF4360.jpg?resize=2048%2C1366&amp;ssl=1 2048w, https:\/\/i0.wp.com\/micielo.es\/wp-content\/uploads\/2022\/01\/DSCF4360.jpg?resize=1200%2C800&amp;ssl=1 1200w, https:\/\/i0.wp.com\/micielo.es\/wp-content\/uploads\/2022\/01\/DSCF4360.jpg?resize=772%2C515&amp;ssl=1 772w, https:\/\/i0.wp.com\/micielo.es\/wp-content\/uploads\/2022\/01\/DSCF4360.jpg?resize=1230%2C820&amp;ssl=1 1230w, https:\/\/i0.wp.com\/micielo.es\/wp-content\/uploads\/2022\/01\/DSCF4360.jpg?resize=288%2C192&amp;ssl=1 288w, https:\/\/i0.wp.com\/micielo.es\/wp-content\/uploads\/2022\/01\/DSCF4360.jpg?w=1400&amp;ssl=1 1400w, https:\/\/i0.wp.com\/micielo.es\/wp-content\/uploads\/2022\/01\/DSCF4360.jpg?w=2100&amp;ssl=1 2100w\" sizes=\"auto, (max-width: 700px) 100vw, 700px\" \/><\/figure><div class=\"wp-block-media-text__content\">\n<p class=\"has-normal-font-size wp-block-paragraph\">Las dos casas en los \u00e1rboles est\u00e1n conectadas por un puente colgante.<\/p>\n<\/div><\/div>\n\n<p class=\"wp-block-paragraph\"><\/p>\n\n<div class=\"wp-block-media-text alignwide is-stacked-on-mobile\"><figure class=\"wp-block-media-text__media\"><img data-recalc-dims=\"1\" loading=\"lazy\" decoding=\"async\" width=\"700\" height=\"467\" src=\"https:\/\/i0.wp.com\/micielo.es\/wp-content\/uploads\/2022\/01\/DSCF3631.jpg?resize=700%2C467&#038;ssl=1\" alt=\"\" class=\"wp-image-2353 size-full\" srcset=\"https:\/\/i0.wp.com\/micielo.es\/wp-content\/uploads\/2022\/01\/DSCF3631.jpg?resize=1024%2C683&amp;ssl=1 1024w, https:\/\/i0.wp.com\/micielo.es\/wp-content\/uploads\/2022\/01\/DSCF3631.jpg?resize=300%2C200&amp;ssl=1 300w, https:\/\/i0.wp.com\/micielo.es\/wp-content\/uploads\/2022\/01\/DSCF3631.jpg?resize=768%2C512&amp;ssl=1 768w, https:\/\/i0.wp.com\/micielo.es\/wp-content\/uploads\/2022\/01\/DSCF3631.jpg?resize=1536%2C1024&amp;ssl=1 1536w, https:\/\/i0.wp.com\/micielo.es\/wp-content\/uploads\/2022\/01\/DSCF3631.jpg?resize=2048%2C1366&amp;ssl=1 2048w, https:\/\/i0.wp.com\/micielo.es\/wp-content\/uploads\/2022\/01\/DSCF3631.jpg?resize=1200%2C800&amp;ssl=1 1200w, https:\/\/i0.wp.com\/micielo.es\/wp-content\/uploads\/2022\/01\/DSCF3631.jpg?resize=772%2C515&amp;ssl=1 772w, https:\/\/i0.wp.com\/micielo.es\/wp-content\/uploads\/2022\/01\/DSCF3631.jpg?resize=1230%2C820&amp;ssl=1 1230w, https:\/\/i0.wp.com\/micielo.es\/wp-content\/uploads\/2022\/01\/DSCF3631.jpg?resize=288%2C192&amp;ssl=1 288w, https:\/\/i0.wp.com\/micielo.es\/wp-content\/uploads\/2022\/01\/DSCF3631.jpg?w=1400&amp;ssl=1 1400w, https:\/\/i0.wp.com\/micielo.es\/wp-content\/uploads\/2022\/01\/DSCF3631.jpg?w=2100&amp;ssl=1 2100w\" sizes=\"auto, (max-width: 700px) 100vw, 700px\" \/><\/figure><div class=\"wp-block-media-text__content\">\n<p class=\"has-normal-font-size wp-block-paragraph\"><strong>Treehouse Lavanda<\/strong> est\u00e1 equipada con dos camas individuales y una cama supletoria opcional. <\/p>\n<\/div><\/div>\n\n<p class=\"wp-block-paragraph\"><\/p>\n\n<div class=\"wp-block-media-text alignwide is-stacked-on-mobile\" style=\"grid-template-columns:32% auto\"><figure class=\"wp-block-media-text__media\"><img data-recalc-dims=\"1\" loading=\"lazy\" decoding=\"async\" width=\"683\" height=\"1024\" src=\"https:\/\/i0.wp.com\/micielo.es\/wp-content\/uploads\/2022\/01\/DSCF3869.jpg?resize=683%2C1024&#038;ssl=1\" alt=\"\" class=\"wp-image-2346 size-full\" srcset=\"https:\/\/i0.wp.com\/micielo.es\/wp-content\/uploads\/2022\/01\/DSCF3869.jpg?resize=683%2C1024&amp;ssl=1 683w, https:\/\/i0.wp.com\/micielo.es\/wp-content\/uploads\/2022\/01\/DSCF3869.jpg?resize=200%2C300&amp;ssl=1 200w, https:\/\/i0.wp.com\/micielo.es\/wp-content\/uploads\/2022\/01\/DSCF3869.jpg?resize=768%2C1152&amp;ssl=1 768w, https:\/\/i0.wp.com\/micielo.es\/wp-content\/uploads\/2022\/01\/DSCF3869.jpg?resize=1024%2C1536&amp;ssl=1 1024w, https:\/\/i0.wp.com\/micielo.es\/wp-content\/uploads\/2022\/01\/DSCF3869.jpg?resize=1366%2C2048&amp;ssl=1 1366w, https:\/\/i0.wp.com\/micielo.es\/wp-content\/uploads\/2022\/01\/DSCF3869.jpg?resize=1200%2C1800&amp;ssl=1 1200w, https:\/\/i0.wp.com\/micielo.es\/wp-content\/uploads\/2022\/01\/DSCF3869.jpg?resize=772%2C1158&amp;ssl=1 772w, https:\/\/i0.wp.com\/micielo.es\/wp-content\/uploads\/2022\/01\/DSCF3869.jpg?resize=820%2C1230&amp;ssl=1 820w, https:\/\/i0.wp.com\/micielo.es\/wp-content\/uploads\/2022\/01\/DSCF3869.jpg?resize=128%2C192&amp;ssl=1 128w, https:\/\/i0.wp.com\/micielo.es\/wp-content\/uploads\/2022\/01\/DSCF3869.jpg?w=2100&amp;ssl=1 2100w\" sizes=\"auto, (max-width: 683px) 100vw, 683px\" \/><\/figure><div class=\"wp-block-media-text__content\">\n<p class=\"has-normal-font-size wp-block-paragraph\">En la <strong>casa del \u00e1rbol Cal\u00e9ndula<\/strong> tienes una cama de matrimonio o dos camas individuales, adem\u00e1s de la opci\u00f3n de una cama supletoria. <\/p>\n<\/div><\/div>\n\n<p class=\"wp-block-paragraph\"><\/p>\n\n<div class=\"wp-block-media-text alignwide is-stacked-on-mobile\" style=\"grid-template-columns:32% auto\"><figure class=\"wp-block-media-text__media\"><img data-recalc-dims=\"1\" loading=\"lazy\" decoding=\"async\" width=\"683\" height=\"1024\" src=\"https:\/\/i0.wp.com\/micielo.es\/wp-content\/uploads\/2022\/01\/DSCF3775.jpg?resize=683%2C1024&#038;ssl=1\" alt=\"\" class=\"wp-image-2355 size-full\" srcset=\"https:\/\/i0.wp.com\/micielo.es\/wp-content\/uploads\/2022\/01\/DSCF3775.jpg?resize=683%2C1024&amp;ssl=1 683w, https:\/\/i0.wp.com\/micielo.es\/wp-content\/uploads\/2022\/01\/DSCF3775.jpg?resize=200%2C300&amp;ssl=1 200w, https:\/\/i0.wp.com\/micielo.es\/wp-content\/uploads\/2022\/01\/DSCF3775.jpg?resize=768%2C1152&amp;ssl=1 768w, https:\/\/i0.wp.com\/micielo.es\/wp-content\/uploads\/2022\/01\/DSCF3775.jpg?resize=1024%2C1536&amp;ssl=1 1024w, https:\/\/i0.wp.com\/micielo.es\/wp-content\/uploads\/2022\/01\/DSCF3775.jpg?resize=1366%2C2048&amp;ssl=1 1366w, https:\/\/i0.wp.com\/micielo.es\/wp-content\/uploads\/2022\/01\/DSCF3775.jpg?resize=1200%2C1800&amp;ssl=1 1200w, https:\/\/i0.wp.com\/micielo.es\/wp-content\/uploads\/2022\/01\/DSCF3775.jpg?resize=772%2C1158&amp;ssl=1 772w, https:\/\/i0.wp.com\/micielo.es\/wp-content\/uploads\/2022\/01\/DSCF3775.jpg?resize=820%2C1230&amp;ssl=1 820w, https:\/\/i0.wp.com\/micielo.es\/wp-content\/uploads\/2022\/01\/DSCF3775.jpg?resize=128%2C192&amp;ssl=1 128w, https:\/\/i0.wp.com\/micielo.es\/wp-content\/uploads\/2022\/01\/DSCF3775.jpg?w=2100&amp;ssl=1 2100w\" sizes=\"auto, (max-width: 683px) 100vw, 683px\" \/><\/figure><div class=\"wp-block-media-text__content\">\n<p class=\"wp-block-paragraph\">Ambas casas en los \u00e1rboles juntas pueden acomodar hasta 6 personas. Adem\u00e1s de las camas habituales en cada casa del \u00e1rbol, existe la posibilidad de una cama supletoria. <\/p>\n\n\n\n<p class=\"wp-block-paragraph\">Los ni\u00f1os peque\u00f1os en la cama de sus padres pueden alojarse gratis.<\/p>\n<\/div><\/div>\n\n<p class=\"wp-block-paragraph\"><\/p>\n\n<p class=\"has-background wp-block-paragraph\" style=\"background-color:#e8f9c2\"><strong><em>Instalaciones de un vistazo:<\/em><\/strong><\/p>\n\n<div class=\"wp-block-group has-background\" style=\"background-color:#e8f9c2\"><div class=\"wp-block-group__inner-container is-layout-flow wp-block-group-is-layout-flow\">\n<p class=\"has-text-color wp-block-paragraph\" style=\"color:#039111\">&#8230; <strong><em>perfecto para familias y amigos<\/em><\/strong><\/p>\n\n\n\n<div class=\"wp-block-columns is-layout-flex wp-container-core-columns-is-layout-8f761849 wp-block-columns-is-layout-flex\">\n<div class=\"wp-block-column is-vertically-aligned-top is-layout-flow wp-block-column-is-layout-flow\" style=\"flex-basis:100%\">\n<div class=\"wp-block-media-text alignwide is-stacked-on-mobile is-vertically-aligned-center is-style-default\" style=\"grid-template-columns:41% auto\"><figure class=\"wp-block-media-text__media\"><img data-recalc-dims=\"1\" loading=\"lazy\" decoding=\"async\" width=\"700\" height=\"467\" src=\"https:\/\/i0.wp.com\/micielo.es\/wp-content\/uploads\/2022\/01\/DSCF3942.jpg?resize=700%2C467&#038;ssl=1\" alt=\"\" class=\"wp-image-2318 size-full\" srcset=\"https:\/\/i0.wp.com\/micielo.es\/wp-content\/uploads\/2022\/01\/DSCF3942.jpg?resize=1024%2C683&amp;ssl=1 1024w, https:\/\/i0.wp.com\/micielo.es\/wp-content\/uploads\/2022\/01\/DSCF3942.jpg?resize=300%2C200&amp;ssl=1 300w, https:\/\/i0.wp.com\/micielo.es\/wp-content\/uploads\/2022\/01\/DSCF3942.jpg?resize=768%2C512&amp;ssl=1 768w, https:\/\/i0.wp.com\/micielo.es\/wp-content\/uploads\/2022\/01\/DSCF3942.jpg?resize=1536%2C1024&amp;ssl=1 1536w, https:\/\/i0.wp.com\/micielo.es\/wp-content\/uploads\/2022\/01\/DSCF3942.jpg?resize=2048%2C1366&amp;ssl=1 2048w, https:\/\/i0.wp.com\/micielo.es\/wp-content\/uploads\/2022\/01\/DSCF3942.jpg?resize=1200%2C800&amp;ssl=1 1200w, https:\/\/i0.wp.com\/micielo.es\/wp-content\/uploads\/2022\/01\/DSCF3942.jpg?resize=772%2C515&amp;ssl=1 772w, https:\/\/i0.wp.com\/micielo.es\/wp-content\/uploads\/2022\/01\/DSCF3942.jpg?resize=1230%2C820&amp;ssl=1 1230w, https:\/\/i0.wp.com\/micielo.es\/wp-content\/uploads\/2022\/01\/DSCF3942.jpg?resize=288%2C192&amp;ssl=1 288w, https:\/\/i0.wp.com\/micielo.es\/wp-content\/uploads\/2022\/01\/DSCF3942.jpg?w=1400&amp;ssl=1 1400w, https:\/\/i0.wp.com\/micielo.es\/wp-content\/uploads\/2022\/01\/DSCF3942.jpg?w=2100&amp;ssl=1 2100w\" sizes=\"auto, (max-width: 700px) 100vw, 700px\" \/><\/figure><div class=\"wp-block-media-text__content\">\n<ul style=\"color:#039111;font-size:15px\" class=\"has-text-color wp-block-list\">\n<li>1 cama doble, 2 camas individuales + 2 camas supletorias opcionales -&gt; m\u00e1x. 6 personas<\/li>\n\n\n\n<li>Ducha y WC en la casa del \u00e1rbol Calendula<\/li>\n\n\n\n<li>Ducha y WC compartidos en la casa de ba\u00f1os (70 metros)<\/li>\n\n\n\n<li>2 terrazas<\/li>\n\n\n\n<li>2 escaleras independientes<\/li>\n\n\n\n<li>Escalera suspendida<\/li>\n<\/ul>\n<\/div><\/div>\n<\/div>\n<\/div>\n\n\n\n<p class=\"wp-block-paragraph\" style=\"font-size:17px\"><strong><em>\u00a1Estamos a su disposici\u00f3n para consultas y reservas directas! Por favor cont\u00e1ctenos.<\/em><\/strong><\/p>\n\n\n\n<p class=\"has-text-color wp-block-paragraph\" style=\"color:#039111\"><strong><span style=\"text-decoration: underline;\"><a href=\"https:\/\/micielo.es\/es\/3109-2\/contacto\/\">Contacto<\/a><\/span><\/strong><\/p>\n\n\n\n<p class=\"wp-block-paragraph\"><em><strong>Reserva m\u00ednima<\/strong><\/em> :<\/p>\n\n\n\n<ul class=\"wp-block-list\" style=\"font-size:15px\">\n<li><strong>Temporada alta<\/strong> : ( <em>julio\/agosto) <strong>1 semana<\/strong><\/em><\/li>\n\n\n\n<li><strong>Temporada baja<\/strong> : ( <em>Mayo\/Junio\/Sept\/Oct\/Nov), <strong>2 noches<\/strong><\/em><\/li>\n\n\n\n<li><em>Semana Santa: 3 noches<\/em><\/li>\n<\/ul>\n\n\n\n<p class=\"has-text-color has-background wp-block-paragraph\" style=\"color:#e8f9c2;background-color:#039111\"><strong><a href=\"https:\/\/micielo.es\/es\/3109-2\/contacto\/\"><em>RESERVAR UNAS<\/em> VACACIONES EN FAMILIA <em>&#8211; CONTACTO<\/em><\/a><\/strong><\/p>\n<\/div><\/div>\n\n<p class=\"has-background wp-block-paragraph\" style=\"background-color:#e8f9c2\"><strong><em>Servicio en miCielo:<\/em><\/strong><\/p>\n\n<ul class=\"wp-block-list\">\n<li>Limpieza diaria de habitaciones bajo petici\u00f3n<\/li>\n\n\n\n<li>cambio de toallas y ropa de cama solo a pedido de nuestros hu\u00e9spedes para conservar recursos<\/li>\n\n\n\n<li>Brindamos art\u00edculos de cosm\u00e9tica ecol\u00f3gica porque vivimos con el ciclo de la naturaleza.<\/li>\n\n\n\n<li>terraza privada; Retiro para relajarse y recargar las pilas<\/li>\n\n\n\n<li>cama supletoria opcional (coste adicional)<\/li>\n\n\n\n<li>Juegos y libros apropiados para la edad en la habitaci\u00f3n.<\/li>\n\n\n\n<li>opcional: desayuno y\/o cena\/ media pensi\u00f3n (desayuno y cena)<\/li>\n\n\n\n<li>Consejos para encontrar destinos de excursi\u00f3n y consejos personales de los anfitriones<\/li>\n\n\n\n<li>piscina de agua salada<\/li>\n\n\n\n<li>Mesa de ping-pong, slakline, cama el\u00e1stica<\/li>\n\n\n\n<li>Cafeter\u00eda con aperitivos caseros y bebidas<\/li>\n\n\n\n<li>maravilloso jard\u00edn para quedarse<\/li>\n\n\n\n<li>estacionamiento para invitados<\/li>\n<\/ul>\n\n<p class=\"has-background wp-block-paragraph\" style=\"background-color:#e8f9c2\"><strong><em>Lo que miCielo tambi\u00e9n ofrece para las vacaciones en familia: <\/em><\/strong><\/p>\n\n<p class=\"wp-block-paragraph\"><\/p>\n\n<div class=\"wp-block-media-text alignwide is-stacked-on-mobile\"><figure class=\"wp-block-media-text__media\"><img data-recalc-dims=\"1\" loading=\"lazy\" decoding=\"async\" width=\"567\" height=\"319\" src=\"https:\/\/i0.wp.com\/micielo.es\/wp-content\/uploads\/2019\/10\/22073-pool_1.jpg?resize=567%2C319&#038;ssl=1\" alt=\"\" class=\"wp-image-1045 size-full\" srcset=\"https:\/\/i0.wp.com\/micielo.es\/wp-content\/uploads\/2019\/10\/22073-pool_1.jpg?w=567&amp;ssl=1 567w, https:\/\/i0.wp.com\/micielo.es\/wp-content\/uploads\/2019\/10\/22073-pool_1.jpg?resize=300%2C169&amp;ssl=1 300w\" sizes=\"auto, (max-width: 567px) 100vw, 567px\" \/><\/figure><div class=\"wp-block-media-text__content\">\n<p class=\"wp-block-paragraph\">Juega y divi\u00e9rtete en la relajante piscina de agua salada&#8230;<\/p>\n<\/div><\/div>\n\n<p class=\"wp-block-paragraph\"><\/p>\n\n<div class=\"wp-block-media-text alignwide is-stacked-on-mobile\"><figure class=\"wp-block-media-text__media\"><img data-recalc-dims=\"1\" decoding=\"async\" src=\"https:\/\/i0.wp.com\/micielo.es\/wp-content\/uploads\/2019\/10\/789f6-spielen-und-geniessen-1.jpg?w=700&#038;ssl=1\" alt=\"\" class=\"wp-image-1053 size-full\"\/><\/figure><div class=\"wp-block-media-text__content\">\n<p class=\"has-normal-font-size wp-block-paragraph\">&#8230; mucha naturaleza por descubrir, experimentar y jugar&#8230;<\/p>\n<\/div><\/div>\n\n<p class=\"wp-block-paragraph\"><\/p>\n\n<div class=\"wp-block-media-text alignwide is-stacked-on-mobile\"><figure class=\"wp-block-media-text__media\"><img data-recalc-dims=\"1\" decoding=\"async\" src=\"https:\/\/i0.wp.com\/micielo.es\/wp-content\/uploads\/2019\/10\/99312-abendessen-1.jpg?w=700&#038;ssl=1\" alt=\"\" class=\"wp-image-1048 size-full\"\/><\/figure><div class=\"wp-block-media-text__content\">\n<p class=\"has-normal-font-size wp-block-paragraph\">&#8230;cenar juntos en la gran mesa familiar en medio del jard\u00edn&#8230;<\/p>\n<\/div><\/div>\n\n<p class=\"wp-block-paragraph\"><\/p>\n\n<div class=\"wp-block-media-text alignwide is-stacked-on-mobile\"><figure class=\"wp-block-media-text__media\"><img data-recalc-dims=\"1\" loading=\"lazy\" decoding=\"async\" width=\"700\" height=\"525\" src=\"https:\/\/i0.wp.com\/micielo.es\/wp-content\/uploads\/2019\/12\/85b39-tischtennis-ii.jpg?resize=700%2C525&#038;ssl=1\" alt=\"\" class=\"wp-image-1315 size-full\" srcset=\"https:\/\/i0.wp.com\/micielo.es\/wp-content\/uploads\/2019\/12\/85b39-tischtennis-ii.jpg?w=4160&amp;ssl=1 4160w, https:\/\/i0.wp.com\/micielo.es\/wp-content\/uploads\/2019\/12\/85b39-tischtennis-ii.jpg?resize=300%2C225&amp;ssl=1 300w, https:\/\/i0.wp.com\/micielo.es\/wp-content\/uploads\/2019\/12\/85b39-tischtennis-ii.jpg?resize=1024%2C768&amp;ssl=1 1024w, https:\/\/i0.wp.com\/micielo.es\/wp-content\/uploads\/2019\/12\/85b39-tischtennis-ii.jpg?resize=768%2C576&amp;ssl=1 768w, https:\/\/i0.wp.com\/micielo.es\/wp-content\/uploads\/2019\/12\/85b39-tischtennis-ii.jpg?resize=1536%2C1152&amp;ssl=1 1536w, https:\/\/i0.wp.com\/micielo.es\/wp-content\/uploads\/2019\/12\/85b39-tischtennis-ii.jpg?resize=2048%2C1536&amp;ssl=1 2048w, https:\/\/i0.wp.com\/micielo.es\/wp-content\/uploads\/2019\/12\/85b39-tischtennis-ii.jpg?resize=1200%2C900&amp;ssl=1 1200w, https:\/\/i0.wp.com\/micielo.es\/wp-content\/uploads\/2019\/12\/85b39-tischtennis-ii.jpg?resize=800%2C600&amp;ssl=1 800w, https:\/\/i0.wp.com\/micielo.es\/wp-content\/uploads\/2019\/12\/85b39-tischtennis-ii.jpg?resize=400%2C300&amp;ssl=1 400w, https:\/\/i0.wp.com\/micielo.es\/wp-content\/uploads\/2019\/12\/85b39-tischtennis-ii.jpg?resize=200%2C150&amp;ssl=1 200w, https:\/\/i0.wp.com\/micielo.es\/wp-content\/uploads\/2019\/12\/85b39-tischtennis-ii.jpg?resize=1980%2C1485&amp;ssl=1 1980w, https:\/\/i0.wp.com\/micielo.es\/wp-content\/uploads\/2019\/12\/85b39-tischtennis-ii.jpg?w=1400&amp;ssl=1 1400w, https:\/\/i0.wp.com\/micielo.es\/wp-content\/uploads\/2019\/12\/85b39-tischtennis-ii.jpg?w=2100&amp;ssl=1 2100w\" sizes=\"auto, (max-width: 700px) 100vw, 700px\" \/><\/figure><div class=\"wp-block-media-text__content\">\n<p class=\"has-normal-font-size wp-block-paragraph\">Tenis de mesa, cama el\u00e1stica, slackline y mucho espacio para jugar a la mancha, al f\u00fatbol, al escondite y mucho m\u00e1s&#8230;<\/p>\n<\/div><\/div>\n\n<p class=\"has-text-color wp-block-paragraph\" style=\"color:#039111\"><strong><a href=\"https:\/\/micielo.es\/es\/vacaciones-en-la-copa-de-un-arbol\/\">volver<\/a><\/strong><\/p>\n","protected":false},"excerpt":{"rendered":"<p>Vacaciones Familiares en Lavanda + Cal\u00e9ndula Vacaciones en miCielo en familia, hijos, padres, abuelos, amigos&#8230; Las dos casas en los \u00e1rboles, Calendula y Lavanda , son perfectas para pasar unas vacaciones juntos con suficiente espacio de retiro para todos. Las dos casas en los \u00e1rboles est\u00e1n conectadas por un puente colgante. Treehouse Lavanda est\u00e1 equipada &hellip; <a href=\"https:\/\/micielo.es\/es\/vacaciones-familiares-en-lavanda-calendula\/\" class=\"more-link\">Contin\u00faa leyendo <span class=\"screen-reader-text\">Vacaciones Familiares en Lavanda + Cal\u00e9ndula<\/span><\/a><\/p>\n","protected":false},"author":117018168,"featured_media":3021,"parent":0,"menu_order":0,"comment_status":"closed","ping_status":"closed","template":"","meta":{"_coblocks_attr":"","_coblocks_dimensions":"","_coblocks_responsive_height":"","_coblocks_accordion_ie_support":"","_crdt_document":"","advanced_seo_description":"","jetpack_seo_html_title":"","jetpack_seo_noindex":false,"footnotes":""},"class_list":["post-3089","page","type-page","status-publish","has-post-thumbnail","hentry"],"jetpack_likes_enabled":false,"jetpack_sharing_enabled":true,"jetpack_shortlink":"https:\/\/wp.me\/P8oH4K-NP","amp_enabled":true,"_links":{"self":[{"href":"https:\/\/micielo.es\/es\/wp-json\/wp\/v2\/pages\/3089","targetHints":{"allow":["GET"]}}],"collection":[{"href":"https:\/\/micielo.es\/es\/wp-json\/wp\/v2\/pages"}],"about":[{"href":"https:\/\/micielo.es\/es\/wp-json\/wp\/v2\/types\/page"}],"author":[{"embeddable":true,"href":"https:\/\/micielo.es\/es\/wp-json\/wp\/v2\/users\/117018168"}],"replies":[{"embeddable":true,"href":"https:\/\/micielo.es\/es\/wp-json\/wp\/v2\/comments?post=3089"}],"version-history":[{"count":11,"href":"https:\/\/micielo.es\/es\/wp-json\/wp\/v2\/pages\/3089\/revisions"}],"predecessor-version":[{"id":7118,"href":"https:\/\/micielo.es\/es\/wp-json\/wp\/v2\/pages\/3089\/revisions\/7118"}],"wp:featuredmedia":[{"embeddable":true,"href":"https:\/\/micielo.es\/es\/wp-json\/wp\/v2\/media\/3021"}],"wp:attachment":[{"href":"https:\/\/micielo.es\/es\/wp-json\/wp\/v2\/media?parent=3089"}],"curies":[{"name":"wp","href":"https:\/\/api.w.org\/{rel}","templated":true}]}}