{"id":3111,"date":"2019-06-21T16:53:40","date_gmt":"2019-06-21T16:53:40","guid":{"rendered":"https:\/\/micielo.es\/vacaciones-en-la-copa-de-un-arbol\/"},"modified":"2025-06-18T13:28:10","modified_gmt":"2025-06-18T13:28:10","slug":"vacaciones-en-la-copa-de-un-arbol","status":"publish","type":"page","link":"https:\/\/micielo.es\/es\/vacaciones-en-la-copa-de-un-arbol\/","title":{"rendered":"Vacaciones en la copa de un \u00e1rbol"},"content":{"rendered":"\n<p class=\"is-style-success coblocks-alert-paragraph has-vivid-red-color has-text-color has-background has-link-color has-open-sans-font-family coblocks-animate has-custom-font has-custom-lineheight wp-elements-35372c9a08b80f3ab7fb047dd22c0272 wp-block-paragraph\" style=\"background:linear-gradient(135deg,rgb(227,202,7) 22%,rgb(224,120,81) 100%);font-size:21px;font-family:Open Sans;line-height:1\" data-coblocks-animation=\"clipVertical\"><strong><span><a style=\"font-style: italic;\" href=\"https:\/\/booking.smoobu.com\/9A66264\">RESERVA t\u00fa casa del \u00e1rbol ahora&#8230;<\/a><\/span><\/strong><\/p>\n\n\n\n<p class=\"has-white-color has-text-color has-link-color wp-elements-3ed1a65d90b2d73893f4f6cbb2501a16 wp-block-paragraph\">&#8230;<\/p>\n\n\n\n<h1 class=\"wp-block-heading has-text-color\" id=\"aussergewohnlich-ubernachten-unter-pinien\" style=\"font-size:26px;font-style:normal;font-weight:700;text-transform:uppercase;color:#038b53\"><b><i><strong><em>ESTANCIAS EXCEPCIONALES BAJO LOS PINOS <\/em><\/strong><\/i><\/b><\/h1>\n\n\n\n<p class=\"is-style-success coblocks-alert-paragraph has-open-sans-font-family has-custom-font wp-block-paragraph\" style=\"font-family:Open Sans\"><strong><em>Vacaciones con nosotros en miCielo&#8230;<\/em><\/strong><br><mark style=\"background-color:rgba(0, 0, 0, 0);color:#1b660b\" class=\"has-inline-color\"><em><br>Unas vacaciones con nosotros deben consistir en descansar, relajarse y recargar las pilas.  <\/em><\/mark><br><mark style=\"background-color:rgba(0, 0, 0, 0);color:#1b660b\" class=\"has-inline-color\"><em><br>\u00a1Tenemos espacio, y mucho!<br>Con nosotros, tendr\u00e1 la libertad de disfrutar y respirar hondo. En el amplio jard\u00edn, en los prados y campos que nos rodean o directamente en la playa cercana. <\/em><\/mark><br><mark style=\"background-color:rgba(0, 0, 0, 0);color:#1b660b\" class=\"has-inline-color\"><em><br>MiCielo es un lugar peque\u00f1o y acogedor donde se pueden alquilar 3 casas en los \u00e1rboles, un bungalow y una tienda de campa\u00f1a. No tenemos grandes multitudes de personas.<br><br>El desayuno se sirve al aire libre. Las mesas est\u00e1n en el jard\u00edn,  <\/em><\/mark>bajo los pinos junto a la piscina.  <br><em><mark style=\"background-color:rgba(0, 0, 0, 0);color:#1b660b\" class=\"has-inline-color\">La piscina de agua salada <\/mark>se puede utilizar a cualquier hora excepto para limpiarla, no hay horarios de cierre.  <\/em><mark style=\"background-color:rgba(0, 0, 0, 0);color:#1b660b\" class=\"has-inline-color\"><em><br><\/em><\/mark><br><mark style=\"background-color:rgba(0, 0, 0, 0);color:#1b660b\" class=\"has-inline-color\"><em><strong>\u00a1Esperamos verte de nuevo y conocerte! <\/strong><\/em><\/mark><br><mark style=\"background-color:rgba(0, 0, 0, 0);color:#1b660b\" class=\"has-inline-color\"><em>Estaremos encantados de asesorarle personalmente en su reserva y responder a todas sus preguntas. Ll\u00e1manos al +34 622 79 80 43 o escr\u00edbenos a info@micielo.com<\/em><\/mark><\/p>\n\n\n\n<p class=\"wp-block-paragraph\"><\/p>\n\n\n\n<p class=\"wp-block-paragraph\"><\/p>\n\n\n\n<figure class=\"wp-block-image size-large is-resized\"><img data-recalc-dims=\"1\" loading=\"lazy\" decoding=\"async\" width=\"683\" height=\"1024\" src=\"https:\/\/i0.wp.com\/micielo.es\/wp-content\/uploads\/2022\/01\/DSCF3954.jpg?resize=683%2C1024&#038;ssl=1\" alt=\"\" class=\"wp-image-2326\" style=\"aspect-ratio:1.7777777777777777;object-fit:cover;width:840px;height:auto\" srcset=\"https:\/\/i0.wp.com\/micielo.es\/wp-content\/uploads\/2022\/01\/DSCF3954.jpg?resize=683%2C1024&amp;ssl=1 683w, https:\/\/i0.wp.com\/micielo.es\/wp-content\/uploads\/2022\/01\/DSCF3954.jpg?resize=200%2C300&amp;ssl=1 200w, https:\/\/i0.wp.com\/micielo.es\/wp-content\/uploads\/2022\/01\/DSCF3954.jpg?resize=768%2C1152&amp;ssl=1 768w, https:\/\/i0.wp.com\/micielo.es\/wp-content\/uploads\/2022\/01\/DSCF3954.jpg?resize=1024%2C1536&amp;ssl=1 1024w, https:\/\/i0.wp.com\/micielo.es\/wp-content\/uploads\/2022\/01\/DSCF3954.jpg?resize=1366%2C2048&amp;ssl=1 1366w, https:\/\/i0.wp.com\/micielo.es\/wp-content\/uploads\/2022\/01\/DSCF3954.jpg?resize=1200%2C1800&amp;ssl=1 1200w, https:\/\/i0.wp.com\/micielo.es\/wp-content\/uploads\/2022\/01\/DSCF3954.jpg?resize=772%2C1158&amp;ssl=1 772w, https:\/\/i0.wp.com\/micielo.es\/wp-content\/uploads\/2022\/01\/DSCF3954.jpg?resize=820%2C1230&amp;ssl=1 820w, https:\/\/i0.wp.com\/micielo.es\/wp-content\/uploads\/2022\/01\/DSCF3954.jpg?resize=128%2C192&amp;ssl=1 128w, https:\/\/i0.wp.com\/micielo.es\/wp-content\/uploads\/2022\/01\/DSCF3954.jpg?w=2100&amp;ssl=1 2100w\" sizes=\"auto, (max-width: 683px) 100vw, 683px\" \/><\/figure>\n\n\n\n<p class=\"wp-block-paragraph\"><strong>Vive en medio del \u00e1rbol, duerme flotando sobre el suelo en nuestra casa del \u00e1rbol<\/strong> , en medio de las copas de los \u00e1rboles de pinos viejos, con una maravillosa vista despejada sobre los prados y campos adyacentes.<\/p>\n\n\n\n<p class=\"wp-block-paragraph\">Aqu\u00ed vives en armon\u00eda con la naturaleza, disfrutas del aire limpio y del ambiente tranquilo lejos de cualquier ajetreo y bullicio.<\/p>\n\n\n\n<p class=\"wp-block-paragraph\">Recargue sus bater\u00edas para las tareas de la vida cotidiana.<\/p>\n\n\n\n<div class=\"wp-block-media-text alignwide is-stacked-on-mobile is-image-fill-element\"><figure class=\"wp-block-media-text__media\"><img data-recalc-dims=\"1\" loading=\"lazy\" decoding=\"async\" width=\"700\" height=\"467\" src=\"https:\/\/i0.wp.com\/micielo.es\/wp-content\/uploads\/2022\/01\/DSCF3874.jpg?resize=700%2C467&#038;ssl=1\" alt=\"\" class=\"wp-image-2330 size-full\" style=\"object-position:50% 50%\" srcset=\"https:\/\/i0.wp.com\/micielo.es\/wp-content\/uploads\/2022\/01\/DSCF3874.jpg?resize=1024%2C683&amp;ssl=1 1024w, https:\/\/i0.wp.com\/micielo.es\/wp-content\/uploads\/2022\/01\/DSCF3874.jpg?resize=300%2C200&amp;ssl=1 300w, https:\/\/i0.wp.com\/micielo.es\/wp-content\/uploads\/2022\/01\/DSCF3874.jpg?resize=768%2C512&amp;ssl=1 768w, https:\/\/i0.wp.com\/micielo.es\/wp-content\/uploads\/2022\/01\/DSCF3874.jpg?resize=1536%2C1024&amp;ssl=1 1536w, https:\/\/i0.wp.com\/micielo.es\/wp-content\/uploads\/2022\/01\/DSCF3874.jpg?resize=2048%2C1366&amp;ssl=1 2048w, https:\/\/i0.wp.com\/micielo.es\/wp-content\/uploads\/2022\/01\/DSCF3874.jpg?resize=1200%2C800&amp;ssl=1 1200w, https:\/\/i0.wp.com\/micielo.es\/wp-content\/uploads\/2022\/01\/DSCF3874.jpg?resize=772%2C515&amp;ssl=1 772w, https:\/\/i0.wp.com\/micielo.es\/wp-content\/uploads\/2022\/01\/DSCF3874.jpg?resize=1230%2C820&amp;ssl=1 1230w, https:\/\/i0.wp.com\/micielo.es\/wp-content\/uploads\/2022\/01\/DSCF3874.jpg?resize=288%2C192&amp;ssl=1 288w, https:\/\/i0.wp.com\/micielo.es\/wp-content\/uploads\/2022\/01\/DSCF3874.jpg?w=1400&amp;ssl=1 1400w, https:\/\/i0.wp.com\/micielo.es\/wp-content\/uploads\/2022\/01\/DSCF3874.jpg?w=2100&amp;ssl=1 2100w\" sizes=\"auto, (max-width: 700px) 100vw, 700px\" \/><\/figure><div class=\"wp-block-media-text__content\">\n<div class=\"wp-block-group\"><div class=\"wp-block-group__inner-container is-layout-flow wp-block-group-is-layout-flow\">\n<p class=\"has-luminous-vivid-amber-color has-text-color has-normal-font-size wp-block-paragraph\"><strong><a href=\"https:\/\/micielo.es\/es\/casa-calendula\/\"><em>Casa del \u00e1rbol de la cal\u00e9ndula<\/em><\/a><\/strong><\/p>\n\n\n\n<p class=\"has-normal-font-size wp-block-paragraph\">&#8230;ofrece espacio para dos adultos y una persona adicional. Tiene su propia terraza y modernas instalaciones sanitarias.<\/p>\n<\/div><\/div>\n<\/div><\/div>\n\n\n\n<p class=\"wp-block-paragraph\"><\/p>\n\n\n\n<div class=\"wp-block-media-text alignwide is-stacked-on-mobile is-image-fill-element\"><figure class=\"wp-block-media-text__media\"><img data-recalc-dims=\"1\" loading=\"lazy\" decoding=\"async\" width=\"700\" height=\"467\" src=\"https:\/\/i0.wp.com\/micielo.es\/wp-content\/uploads\/2022\/01\/DSCF3638.jpg?resize=700%2C467&#038;ssl=1\" alt=\"\" class=\"wp-image-2337 size-full\" style=\"object-position:50% 50%\" srcset=\"https:\/\/i0.wp.com\/micielo.es\/wp-content\/uploads\/2022\/01\/DSCF3638.jpg?resize=1024%2C683&amp;ssl=1 1024w, https:\/\/i0.wp.com\/micielo.es\/wp-content\/uploads\/2022\/01\/DSCF3638.jpg?resize=300%2C200&amp;ssl=1 300w, https:\/\/i0.wp.com\/micielo.es\/wp-content\/uploads\/2022\/01\/DSCF3638.jpg?resize=768%2C512&amp;ssl=1 768w, https:\/\/i0.wp.com\/micielo.es\/wp-content\/uploads\/2022\/01\/DSCF3638.jpg?resize=1536%2C1024&amp;ssl=1 1536w, https:\/\/i0.wp.com\/micielo.es\/wp-content\/uploads\/2022\/01\/DSCF3638.jpg?resize=2048%2C1366&amp;ssl=1 2048w, https:\/\/i0.wp.com\/micielo.es\/wp-content\/uploads\/2022\/01\/DSCF3638.jpg?resize=1200%2C800&amp;ssl=1 1200w, https:\/\/i0.wp.com\/micielo.es\/wp-content\/uploads\/2022\/01\/DSCF3638.jpg?resize=772%2C515&amp;ssl=1 772w, https:\/\/i0.wp.com\/micielo.es\/wp-content\/uploads\/2022\/01\/DSCF3638.jpg?resize=1230%2C820&amp;ssl=1 1230w, https:\/\/i0.wp.com\/micielo.es\/wp-content\/uploads\/2022\/01\/DSCF3638.jpg?resize=288%2C192&amp;ssl=1 288w, https:\/\/i0.wp.com\/micielo.es\/wp-content\/uploads\/2022\/01\/DSCF3638.jpg?w=1400&amp;ssl=1 1400w, https:\/\/i0.wp.com\/micielo.es\/wp-content\/uploads\/2022\/01\/DSCF3638.jpg?w=2100&amp;ssl=1 2100w\" sizes=\"auto, (max-width: 700px) 100vw, 700px\" \/><\/figure><div class=\"wp-block-media-text__content\">\n<p class=\"has-text-color has-normal-font-size wp-block-paragraph\" style=\"color:#bc88ba\"><strong><em><a href=\"https:\/\/micielo.es\/es\/casa-lavanda\/\">Casa en el \u00e1rbol de Lavanda<\/a><\/em><\/strong><\/p>\n\n\n\n<p class=\"has-normal-font-size wp-block-paragraph\">&#8230;ofrece espacio para dos adultos y un ni\u00f1o, instalaciones sanitarias <span style=\"text-decoration: underline;\">externas<\/span> de uso privado.<\/p>\n<\/div><\/div>\n\n\n\n<p class=\"wp-block-paragraph\"><\/p>\n\n\n\n<div class=\"wp-block-media-text alignwide is-stacked-on-mobile\"><figure class=\"wp-block-media-text__media\"><img data-recalc-dims=\"1\" loading=\"lazy\" decoding=\"async\" width=\"700\" height=\"467\" src=\"https:\/\/i0.wp.com\/micielo.es\/wp-content\/uploads\/2022\/01\/DSCF3663.jpg?resize=700%2C467&#038;ssl=1\" alt=\"\" class=\"wp-image-2354 size-full\" srcset=\"https:\/\/i0.wp.com\/micielo.es\/wp-content\/uploads\/2022\/01\/DSCF3663.jpg?resize=1024%2C683&amp;ssl=1 1024w, https:\/\/i0.wp.com\/micielo.es\/wp-content\/uploads\/2022\/01\/DSCF3663.jpg?resize=300%2C200&amp;ssl=1 300w, https:\/\/i0.wp.com\/micielo.es\/wp-content\/uploads\/2022\/01\/DSCF3663.jpg?resize=768%2C512&amp;ssl=1 768w, https:\/\/i0.wp.com\/micielo.es\/wp-content\/uploads\/2022\/01\/DSCF3663.jpg?resize=1536%2C1024&amp;ssl=1 1536w, https:\/\/i0.wp.com\/micielo.es\/wp-content\/uploads\/2022\/01\/DSCF3663.jpg?resize=2048%2C1366&amp;ssl=1 2048w, https:\/\/i0.wp.com\/micielo.es\/wp-content\/uploads\/2022\/01\/DSCF3663.jpg?resize=1200%2C800&amp;ssl=1 1200w, https:\/\/i0.wp.com\/micielo.es\/wp-content\/uploads\/2022\/01\/DSCF3663.jpg?resize=772%2C515&amp;ssl=1 772w, https:\/\/i0.wp.com\/micielo.es\/wp-content\/uploads\/2022\/01\/DSCF3663.jpg?resize=1230%2C820&amp;ssl=1 1230w, https:\/\/i0.wp.com\/micielo.es\/wp-content\/uploads\/2022\/01\/DSCF3663.jpg?resize=288%2C192&amp;ssl=1 288w, https:\/\/i0.wp.com\/micielo.es\/wp-content\/uploads\/2022\/01\/DSCF3663.jpg?w=1400&amp;ssl=1 1400w, https:\/\/i0.wp.com\/micielo.es\/wp-content\/uploads\/2022\/01\/DSCF3663.jpg?w=2100&amp;ssl=1 2100w\" sizes=\"auto, (max-width: 700px) 100vw, 700px\" \/><\/figure><div class=\"wp-block-media-text__content\">\n<p class=\"has-text-color has-vivid-green-cyan-color has-normal-font-size wp-block-paragraph\" style=\"color:#038b53\"><strong><em><a href=\"https:\/\/micielo.es\/es\/vacaciones-familiares-en-lavanda-calendula\/\">Vacaciones familiares en Cal\u00e9ndula + Lavanda<\/a><\/em><\/strong><\/p>\n\n\n\n<p class=\"has-normal-font-size wp-block-paragraph\">Especialmente ambas casas juntas son ideales para familias. Qu\u00e9 divertido cuando los ni\u00f1os viven en su propia casa y vienen a visitar a sus padres a trav\u00e9s de un puente colgante.<\/p>\n<\/div><\/div>\n\n\n\n<p class=\"wp-block-paragraph\"><\/p>\n\n\n\n<div class=\"wp-block-media-text alignwide is-stacked-on-mobile\" style=\"grid-template-columns:35% auto\"><figure class=\"wp-block-media-text__media\"><img data-recalc-dims=\"1\" loading=\"lazy\" decoding=\"async\" width=\"700\" height=\"933\" data-attachment-id=\"8824\" data-permalink=\"https:\/\/micielo.es\/es\/vacaciones-en-la-copa-de-un-arbol\/nuestros-alojamientos-de-un-vistazo\/6026-2\/whatsapp-image-2025-06-18-at-12-23-33-2\/\" data-orig-file=\"https:\/\/i0.wp.com\/micielo.es\/wp-content\/uploads\/2025\/06\/WhatsApp-Image-2025-06-18-at-12.23.33-2.jpeg?fit=1200%2C1600&amp;ssl=1\" data-orig-size=\"1200,1600\" data-comments-opened=\"1\" data-image-meta=\"{&quot;aperture&quot;:&quot;0&quot;,&quot;credit&quot;:&quot;&quot;,&quot;camera&quot;:&quot;&quot;,&quot;caption&quot;:&quot;&quot;,&quot;created_timestamp&quot;:&quot;0&quot;,&quot;copyright&quot;:&quot;&quot;,&quot;focal_length&quot;:&quot;0&quot;,&quot;iso&quot;:&quot;0&quot;,&quot;shutter_speed&quot;:&quot;0&quot;,&quot;title&quot;:&quot;&quot;,&quot;orientation&quot;:&quot;0&quot;}\" data-image-title=\"WhatsApp Image 2025-06-18 at 12.23.33-2\" data-image-description=\"\" data-image-caption=\"\" data-large-file=\"https:\/\/i0.wp.com\/micielo.es\/wp-content\/uploads\/2025\/06\/WhatsApp-Image-2025-06-18-at-12.23.33-2.jpeg?fit=700%2C933&amp;ssl=1\" src=\"https:\/\/i0.wp.com\/micielo.es\/wp-content\/uploads\/2025\/06\/WhatsApp-Image-2025-06-18-at-12.23.33-2.jpeg?resize=700%2C933&#038;ssl=1\" alt=\"\" class=\"wp-image-8824 size-full\" srcset=\"https:\/\/i0.wp.com\/micielo.es\/wp-content\/uploads\/2025\/06\/WhatsApp-Image-2025-06-18-at-12.23.33-2.jpeg?resize=768%2C1024&amp;ssl=1 768w, https:\/\/i0.wp.com\/micielo.es\/wp-content\/uploads\/2025\/06\/WhatsApp-Image-2025-06-18-at-12.23.33-2.jpeg?resize=225%2C300&amp;ssl=1 225w, https:\/\/i0.wp.com\/micielo.es\/wp-content\/uploads\/2025\/06\/WhatsApp-Image-2025-06-18-at-12.23.33-2.jpeg?resize=1152%2C1536&amp;ssl=1 1152w, https:\/\/i0.wp.com\/micielo.es\/wp-content\/uploads\/2025\/06\/WhatsApp-Image-2025-06-18-at-12.23.33-2.jpeg?resize=900%2C1200&amp;ssl=1 900w, https:\/\/i0.wp.com\/micielo.es\/wp-content\/uploads\/2025\/06\/WhatsApp-Image-2025-06-18-at-12.23.33-2.jpeg?resize=600%2C800&amp;ssl=1 600w, https:\/\/i0.wp.com\/micielo.es\/wp-content\/uploads\/2025\/06\/WhatsApp-Image-2025-06-18-at-12.23.33-2.jpeg?resize=450%2C600&amp;ssl=1 450w, https:\/\/i0.wp.com\/micielo.es\/wp-content\/uploads\/2025\/06\/WhatsApp-Image-2025-06-18-at-12.23.33-2.jpeg?resize=300%2C400&amp;ssl=1 300w, https:\/\/i0.wp.com\/micielo.es\/wp-content\/uploads\/2025\/06\/WhatsApp-Image-2025-06-18-at-12.23.33-2.jpeg?resize=150%2C200&amp;ssl=1 150w, https:\/\/i0.wp.com\/micielo.es\/wp-content\/uploads\/2025\/06\/WhatsApp-Image-2025-06-18-at-12.23.33-2.jpeg?resize=772%2C1029&amp;ssl=1 772w, https:\/\/i0.wp.com\/micielo.es\/wp-content\/uploads\/2025\/06\/WhatsApp-Image-2025-06-18-at-12.23.33-2.jpeg?resize=923%2C1230&amp;ssl=1 923w, https:\/\/i0.wp.com\/micielo.es\/wp-content\/uploads\/2025\/06\/WhatsApp-Image-2025-06-18-at-12.23.33-2.jpeg?resize=144%2C192&amp;ssl=1 144w, https:\/\/i0.wp.com\/micielo.es\/wp-content\/uploads\/2025\/06\/WhatsApp-Image-2025-06-18-at-12.23.33-2.jpeg?w=1200&amp;ssl=1 1200w\" sizes=\"auto, (max-width: 700px) 100vw, 700px\" \/><\/figure><div class=\"wp-block-media-text__content\">\n<p class=\"wp-block-paragraph\"><strong><em><a href=\"https:\/\/micielo.es\/es\/vacaciones-en-la-copa-de-un-arbol\/nuestros-alojamientos-de-un-vistazo\/6026-2\/\">Casa Menta<\/a><\/em><\/strong><\/p>\n\n\n\n<p class=\"wp-block-paragraph\"><strong>Tu propia casita<\/strong> con cocina y ba\u00f1o, escondida en un lugar tranquilo del bosque. Con su estufa de le\u00f1a, tambi\u00e9n es ideal para una estancia en Vejer de la Frontera en oto\u00f1o e invierno.<\/p>\n\n\n\n<p class=\"wp-block-paragraph\"><\/p>\n<\/div><\/div>\n\n\n\n<p class=\"wp-block-paragraph\"><\/p>\n\n\n\n<div class=\"wp-block-media-text alignwide is-stacked-on-mobile\" style=\"grid-template-columns:35% auto\"><figure class=\"wp-block-media-text__media\"><img data-recalc-dims=\"1\" loading=\"lazy\" decoding=\"async\" width=\"682\" height=\"1024\" src=\"https:\/\/i0.wp.com\/micielo.es\/wp-content\/uploads\/2021\/01\/Casilla-Salvia.jpg?resize=682%2C1024&#038;ssl=1\" alt=\"\" class=\"wp-image-1940 size-full\" srcset=\"https:\/\/i0.wp.com\/micielo.es\/wp-content\/uploads\/2021\/01\/Casilla-Salvia.jpg?resize=682%2C1024&amp;ssl=1 682w, https:\/\/i0.wp.com\/micielo.es\/wp-content\/uploads\/2021\/01\/Casilla-Salvia.jpg?resize=200%2C300&amp;ssl=1 200w, https:\/\/i0.wp.com\/micielo.es\/wp-content\/uploads\/2021\/01\/Casilla-Salvia.jpg?resize=768%2C1152&amp;ssl=1 768w, https:\/\/i0.wp.com\/micielo.es\/wp-content\/uploads\/2021\/01\/Casilla-Salvia.jpg?resize=1024%2C1536&amp;ssl=1 1024w, https:\/\/i0.wp.com\/micielo.es\/wp-content\/uploads\/2021\/01\/Casilla-Salvia.jpg?resize=772%2C1158&amp;ssl=1 772w, https:\/\/i0.wp.com\/micielo.es\/wp-content\/uploads\/2021\/01\/Casilla-Salvia.jpg?resize=820%2C1230&amp;ssl=1 820w, https:\/\/i0.wp.com\/micielo.es\/wp-content\/uploads\/2021\/01\/Casilla-Salvia.jpg?resize=128%2C192&amp;ssl=1 128w, https:\/\/i0.wp.com\/micielo.es\/wp-content\/uploads\/2021\/01\/Casilla-Salvia.jpg?w=1083&amp;ssl=1 1083w\" sizes=\"auto, (max-width: 682px) 100vw, 682px\" \/><\/figure><div class=\"wp-block-media-text__content\">\n<p class=\"wp-block-paragraph\"><strong><em><a href=\"https:\/\/micielo.es\/es\/salvia-casilla\/\"><mark style=\"background-color:rgba(0, 0, 0, 0);color:#05792e\" class=\"has-inline-color\">Nido Salvia<\/mark><\/a><\/em><\/strong><\/p>\n\n\n\n<p class=\"wp-block-paragraph\">\u2026 es probablemente el m\u00e1s rom\u00e1ntico y m\u00e1s sencillo de nuestros alojamientos. En medio del bosque, con vista a la piscina de agua salada, amueblado con amor, con una cama doble (1,40 m), ropa de cama y toallas limpias. <\/p>\n<\/div><\/div>\n\n\n\n<p class=\"wp-block-paragraph\"><\/p>\n\n\n\n<div class=\"wp-block-media-text alignwide is-stacked-on-mobile\"><figure class=\"wp-block-media-text__media\"><a href=\"https:\/\/micielo.es\/es\/tienda-romero\/\"><img data-recalc-dims=\"1\" loading=\"lazy\" decoding=\"async\" width=\"700\" height=\"525\" data-attachment-id=\"8767\" data-permalink=\"https:\/\/micielo.es\/es\/tienda-romero\/img_1467\/\" data-orig-file=\"https:\/\/i0.wp.com\/micielo.es\/wp-content\/uploads\/2025\/06\/IMG_1467.jpg?fit=4032%2C3024&amp;ssl=1\" data-orig-size=\"4032,3024\" data-comments-opened=\"1\" data-image-meta=\"{&quot;aperture&quot;:&quot;2.8&quot;,&quot;credit&quot;:&quot;&quot;,&quot;camera&quot;:&quot;iPhone 13 Pro&quot;,&quot;caption&quot;:&quot;&quot;,&quot;created_timestamp&quot;:&quot;1720978210&quot;,&quot;copyright&quot;:&quot;&quot;,&quot;focal_length&quot;:&quot;9&quot;,&quot;iso&quot;:&quot;32&quot;,&quot;shutter_speed&quot;:&quot;0.0082644628099174&quot;,&quot;title&quot;:&quot;&quot;,&quot;orientation&quot;:&quot;1&quot;}\" data-image-title=\"IMG_1467\" data-image-description=\"\" data-image-caption=\"\" data-large-file=\"https:\/\/i0.wp.com\/micielo.es\/wp-content\/uploads\/2025\/06\/IMG_1467.jpg?fit=700%2C525&amp;ssl=1\" src=\"https:\/\/i0.wp.com\/micielo.es\/wp-content\/uploads\/2025\/06\/IMG_1467.jpg?resize=700%2C525&#038;ssl=1\" alt=\"\" class=\"wp-image-8767 size-full\" srcset=\"https:\/\/i0.wp.com\/micielo.es\/wp-content\/uploads\/2025\/06\/IMG_1467.jpg?resize=1024%2C768&amp;ssl=1 1024w, https:\/\/i0.wp.com\/micielo.es\/wp-content\/uploads\/2025\/06\/IMG_1467.jpg?resize=300%2C225&amp;ssl=1 300w, https:\/\/i0.wp.com\/micielo.es\/wp-content\/uploads\/2025\/06\/IMG_1467.jpg?resize=768%2C576&amp;ssl=1 768w, https:\/\/i0.wp.com\/micielo.es\/wp-content\/uploads\/2025\/06\/IMG_1467.jpg?resize=1536%2C1152&amp;ssl=1 1536w, https:\/\/i0.wp.com\/micielo.es\/wp-content\/uploads\/2025\/06\/IMG_1467.jpg?resize=2048%2C1536&amp;ssl=1 2048w, https:\/\/i0.wp.com\/micielo.es\/wp-content\/uploads\/2025\/06\/IMG_1467.jpg?resize=772%2C579&amp;ssl=1 772w, https:\/\/i0.wp.com\/micielo.es\/wp-content\/uploads\/2025\/06\/IMG_1467.jpg?resize=1230%2C923&amp;ssl=1 1230w, https:\/\/i0.wp.com\/micielo.es\/wp-content\/uploads\/2025\/06\/IMG_1467.jpg?resize=256%2C192&amp;ssl=1 256w, https:\/\/i0.wp.com\/micielo.es\/wp-content\/uploads\/2025\/06\/IMG_1467.jpg?w=1400&amp;ssl=1 1400w, https:\/\/i0.wp.com\/micielo.es\/wp-content\/uploads\/2025\/06\/IMG_1467.jpg?w=2100&amp;ssl=1 2100w\" sizes=\"auto, (max-width: 700px) 100vw, 700px\" \/><\/a><\/figure><div class=\"wp-block-media-text__content\">\n<p class=\"has-luminous-vivid-amber-color has-text-color wp-block-paragraph\"><strong><em><a href=\"https:\/\/micielo.es\/es\/tienda-romero\/\" data-type=\"1781\">Tienda Romero<\/a><\/em><\/strong><\/p>\n\n\n\n<p class=\"wp-block-paragraph\">&#8230;nuestra cl\u00e1sica tienda de campa\u00f1a de lona ligera da vida a las historias de la infancia, pero con un poco m\u00e1s de estilo y comodidad&#8230;<\/p>\n<\/div><\/div>\n\n\n\n<p class=\"wp-block-paragraph\"><\/p>\n\n\n\n<div class=\"wp-block-media-text alignwide is-stacked-on-mobile is-style-default\" style=\"grid-template-columns:49% auto\"><figure class=\"wp-block-media-text__media\"><img data-recalc-dims=\"1\" loading=\"lazy\" decoding=\"async\" width=\"700\" height=\"467\" src=\"https:\/\/i0.wp.com\/micielo.es\/wp-content\/uploads\/2022\/01\/DSCF4360.jpg?resize=700%2C467&#038;ssl=1\" alt=\"\" class=\"wp-image-2352 size-full\" srcset=\"https:\/\/i0.wp.com\/micielo.es\/wp-content\/uploads\/2022\/01\/DSCF4360.jpg?resize=1024%2C683&amp;ssl=1 1024w, https:\/\/i0.wp.com\/micielo.es\/wp-content\/uploads\/2022\/01\/DSCF4360.jpg?resize=300%2C200&amp;ssl=1 300w, https:\/\/i0.wp.com\/micielo.es\/wp-content\/uploads\/2022\/01\/DSCF4360.jpg?resize=768%2C512&amp;ssl=1 768w, https:\/\/i0.wp.com\/micielo.es\/wp-content\/uploads\/2022\/01\/DSCF4360.jpg?resize=1536%2C1024&amp;ssl=1 1536w, https:\/\/i0.wp.com\/micielo.es\/wp-content\/uploads\/2022\/01\/DSCF4360.jpg?resize=2048%2C1366&amp;ssl=1 2048w, https:\/\/i0.wp.com\/micielo.es\/wp-content\/uploads\/2022\/01\/DSCF4360.jpg?resize=1200%2C800&amp;ssl=1 1200w, https:\/\/i0.wp.com\/micielo.es\/wp-content\/uploads\/2022\/01\/DSCF4360.jpg?resize=772%2C515&amp;ssl=1 772w, https:\/\/i0.wp.com\/micielo.es\/wp-content\/uploads\/2022\/01\/DSCF4360.jpg?resize=1230%2C820&amp;ssl=1 1230w, https:\/\/i0.wp.com\/micielo.es\/wp-content\/uploads\/2022\/01\/DSCF4360.jpg?resize=288%2C192&amp;ssl=1 288w, https:\/\/i0.wp.com\/micielo.es\/wp-content\/uploads\/2022\/01\/DSCF4360.jpg?w=1400&amp;ssl=1 1400w, https:\/\/i0.wp.com\/micielo.es\/wp-content\/uploads\/2022\/01\/DSCF4360.jpg?w=2100&amp;ssl=1 2100w\" sizes=\"auto, (max-width: 700px) 100vw, 700px\" \/><\/figure><div class=\"wp-block-media-text__content\">\n<p class=\"has-text-color wp-block-paragraph\" style=\"color:#0aa668\"><strong><em><a href=\"https:\/\/micielo.es\/es\/micielo-exclusivo\/\" data-type=\"1781\">Exclusivo MiCielo<\/a><\/em><\/strong><\/p>\n\n\n\n<p class=\"wp-block-paragraph\">&#8230;. alquilar todo el proyecto con todos sus alojamientos e instalaciones. Reuniones exclusivas y desenfadadas con amigos o con toda la familia. Ofrecemos peque\u00f1os alojamientos individuales con una piscina privada de agua salada, instalaciones de juegos para ni\u00f1os, estacionamiento privado e instalaciones para cocinar.<\/p>\n<\/div><\/div>\n\n\n\n<p class=\"has-text-color has-background wp-block-paragraph\" style=\"color:#038b53;background-color:#cdeec6\"><em><a href=\"https:\/\/micielo.es\/es\/fotos\/\"><strong>GALER\u00cdA DE FOTOS DE MICIELO&#8230;<\/strong><\/a><\/em><\/p>\n\n\n\n<p class=\"is-style-success coblocks-alert-paragraph has-vivid-red-color has-text-color has-background has-link-color has-open-sans-font-family coblocks-animate has-custom-font has-custom-lineheight wp-elements-09ebaa656ec8426880576499e7fd358e wp-block-paragraph\" style=\"background:linear-gradient(135deg,rgb(227,202,7) 22%,rgb(224,120,81) 100%);font-size:21px;font-family:Open Sans;line-height:1\" data-coblocks-animation=\"clipVertical\"><strong><span><a style=\"font-style: italic;\" href=\"https:\/\/booking.smoobu.com\/9A66264\">REALIZAR RESERVA ..<\/a><\/span><\/strong><\/p>\n\n\n\n<p class=\"wp-block-paragraph\"><\/p>\n\n\n\n<p class=\"wp-block-paragraph\"><strong><a href=\"http:\/\/www.micielo.es\" data-type=\"URL\" data-id=\"www.micielo.es\">volver<\/a><\/strong><\/p>\n\n\n\n<p class=\"wp-block-paragraph\"><\/p>\n","protected":false},"excerpt":{"rendered":"<p>RESERVA t\u00fa casa del \u00e1rbol ahora&#8230; &#8230; ESTANCIAS EXCEPCIONALES BAJO LOS PINOS Vacaciones con nosotros en miCielo&#8230;Unas vacaciones con nosotros deben consistir en descansar, relajarse y recargar las pilas. \u00a1Tenemos espacio, y mucho!Con nosotros, tendr\u00e1 la libertad de disfrutar y respirar hondo. En el amplio jard\u00edn, en los prados y campos que nos rodean o &hellip; <a href=\"https:\/\/micielo.es\/es\/vacaciones-en-la-copa-de-un-arbol\/\" class=\"more-link\">Contin\u00faa leyendo <span class=\"screen-reader-text\">Vacaciones en la copa de un \u00e1rbol<\/span><\/a><\/p>\n","protected":false},"author":117018168,"featured_media":3019,"parent":0,"menu_order":0,"comment_status":"closed","ping_status":"closed","template":"","meta":{"_coblocks_attr":"","_coblocks_dimensions":"","_coblocks_responsive_height":"","_coblocks_accordion_ie_support":"","_crdt_document":"","advanced_seo_description":"","jetpack_seo_html_title":"","jetpack_seo_noindex":false,"footnotes":""},"class_list":["post-3111","page","type-page","status-publish","has-post-thumbnail","hentry"],"jetpack_likes_enabled":false,"jetpack_sharing_enabled":true,"jetpack_shortlink":"https:\/\/wp.me\/P8oH4K-Ob","amp_enabled":true,"_links":{"self":[{"href":"https:\/\/micielo.es\/es\/wp-json\/wp\/v2\/pages\/3111","targetHints":{"allow":["GET"]}}],"collection":[{"href":"https:\/\/micielo.es\/es\/wp-json\/wp\/v2\/pages"}],"about":[{"href":"https:\/\/micielo.es\/es\/wp-json\/wp\/v2\/types\/page"}],"author":[{"embeddable":true,"href":"https:\/\/micielo.es\/es\/wp-json\/wp\/v2\/users\/117018168"}],"replies":[{"embeddable":true,"href":"https:\/\/micielo.es\/es\/wp-json\/wp\/v2\/comments?post=3111"}],"version-history":[{"count":57,"href":"https:\/\/micielo.es\/es\/wp-json\/wp\/v2\/pages\/3111\/revisions"}],"predecessor-version":[{"id":8856,"href":"https:\/\/micielo.es\/es\/wp-json\/wp\/v2\/pages\/3111\/revisions\/8856"}],"wp:featuredmedia":[{"embeddable":true,"href":"https:\/\/micielo.es\/es\/wp-json\/wp\/v2\/media\/3019"}],"wp:attachment":[{"href":"https:\/\/micielo.es\/es\/wp-json\/wp\/v2\/media?parent=3111"}],"curies":[{"name":"wp","href":"https:\/\/api.w.org\/{rel}","templated":true}]}}