{"id":3865,"date":"2019-12-11T17:28:45","date_gmt":"2019-12-11T17:28:45","guid":{"rendered":"https:\/\/micielo.es\/micielo-culinaire\/"},"modified":"2024-03-17T12:17:44","modified_gmt":"2024-03-17T12:17:44","slug":"micielo-culinaire","status":"publish","type":"page","link":"https:\/\/micielo.es\/fr\/micielo-culinaire\/","title":{"rendered":"miCielo Culinaire"},"content":{"rendered":"\n<p class=\"has-background wp-block-paragraph\" style=\"background-color:#fbf5e4;font-size:39px\"><strong><em>miCielo Culinaire<\/em><\/strong><\/p>\n\n<p class=\"wp-block-paragraph\"><\/p>\n\n<div class=\"wp-block-media-text alignwide is-stacked-on-mobile\" style=\"grid-template-columns:33% auto\"><figure class=\"wp-block-media-text__media\"><img data-recalc-dims=\"1\" loading=\"lazy\" decoding=\"async\" width=\"700\" height=\"1244\" src=\"https:\/\/i0.wp.com\/micielo.es\/wp-content\/uploads\/2019\/12\/0a52b-20191201_142224.jpg?resize=700%2C1244&#038;ssl=1\" alt=\"\" class=\"wp-image-1214 size-full\" srcset=\"https:\/\/i0.wp.com\/micielo.es\/wp-content\/uploads\/2019\/12\/0a52b-20191201_142224.jpg?w=1836&amp;ssl=1 1836w, https:\/\/i0.wp.com\/micielo.es\/wp-content\/uploads\/2019\/12\/0a52b-20191201_142224.jpg?resize=169%2C300&amp;ssl=1 169w, https:\/\/i0.wp.com\/micielo.es\/wp-content\/uploads\/2019\/12\/0a52b-20191201_142224.jpg?resize=576%2C1024&amp;ssl=1 576w, https:\/\/i0.wp.com\/micielo.es\/wp-content\/uploads\/2019\/12\/0a52b-20191201_142224.jpg?resize=768%2C1365&amp;ssl=1 768w, https:\/\/i0.wp.com\/micielo.es\/wp-content\/uploads\/2019\/12\/0a52b-20191201_142224.jpg?resize=864%2C1536&amp;ssl=1 864w, https:\/\/i0.wp.com\/micielo.es\/wp-content\/uploads\/2019\/12\/0a52b-20191201_142224.jpg?resize=1152%2C2048&amp;ssl=1 1152w, https:\/\/i0.wp.com\/micielo.es\/wp-content\/uploads\/2019\/12\/0a52b-20191201_142224.jpg?resize=1200%2C2133&amp;ssl=1 1200w, https:\/\/i0.wp.com\/micielo.es\/wp-content\/uploads\/2019\/12\/0a52b-20191201_142224.jpg?w=1400&amp;ssl=1 1400w\" sizes=\"auto, (max-width: 700px) 100vw, 700px\" \/><\/figure><div class=\"wp-block-media-text__content\">\n<p class=\"wp-block-paragraph\">Nous cuisinons avec passion et avec joie, avec des produits r\u00e9gionaux, de saison et, si possible, bio. <\/p>\n\n\n\n<p class=\"wp-block-paragraph\">Nous utilisons des l\u00e9gumes et des herbes de notre jardin pour nos plats. <\/p>\n\n\n\n<p class=\"wp-block-paragraph\">Nous cuisinons toujours frais et de saison. <\/p>\n\n\n\n<p class=\"wp-block-paragraph\">Nous cuisinons pour diff\u00e9rentes occasions : <\/p>\n<\/div><\/div>\n\n<p class=\"wp-block-paragraph\"><\/p>\n\n<p class=\"wp-block-paragraph\"><\/p>\n\n<div class=\"wp-block-media-text alignwide is-stacked-on-mobile\" style=\"grid-template-columns:45% auto\"><figure class=\"wp-block-media-text__media\"><img data-recalc-dims=\"1\" loading=\"lazy\" decoding=\"async\" width=\"700\" height=\"466\" src=\"https:\/\/i0.wp.com\/micielo.es\/wp-content\/uploads\/2021\/01\/Fru%CC%88hstu%CC%88ck.jpg?resize=700%2C466&#038;ssl=1\" alt=\"\" class=\"wp-image-1941 size-full\" srcset=\"https:\/\/i0.wp.com\/micielo.es\/wp-content\/uploads\/2021\/01\/Fru%CC%88hstu%CC%88ck.jpg?resize=1024%2C682&amp;ssl=1 1024w, https:\/\/i0.wp.com\/micielo.es\/wp-content\/uploads\/2021\/01\/Fru%CC%88hstu%CC%88ck.jpg?resize=300%2C200&amp;ssl=1 300w, https:\/\/i0.wp.com\/micielo.es\/wp-content\/uploads\/2021\/01\/Fru%CC%88hstu%CC%88ck.jpg?resize=768%2C512&amp;ssl=1 768w, https:\/\/i0.wp.com\/micielo.es\/wp-content\/uploads\/2021\/01\/Fru%CC%88hstu%CC%88ck.jpg?resize=1536%2C1024&amp;ssl=1 1536w, https:\/\/i0.wp.com\/micielo.es\/wp-content\/uploads\/2021\/01\/Fru%CC%88hstu%CC%88ck.jpg?resize=1200%2C800&amp;ssl=1 1200w, https:\/\/i0.wp.com\/micielo.es\/wp-content\/uploads\/2021\/01\/Fru%CC%88hstu%CC%88ck.jpg?resize=772%2C515&amp;ssl=1 772w, https:\/\/i0.wp.com\/micielo.es\/wp-content\/uploads\/2021\/01\/Fru%CC%88hstu%CC%88ck.jpg?resize=1230%2C820&amp;ssl=1 1230w, https:\/\/i0.wp.com\/micielo.es\/wp-content\/uploads\/2021\/01\/Fru%CC%88hstu%CC%88ck.jpg?resize=288%2C192&amp;ssl=1 288w, https:\/\/i0.wp.com\/micielo.es\/wp-content\/uploads\/2021\/01\/Fru%CC%88hstu%CC%88ck.jpg?w=1562&amp;ssl=1 1562w, https:\/\/i0.wp.com\/micielo.es\/wp-content\/uploads\/2021\/01\/Fru%CC%88hstu%CC%88ck.jpg?w=1400&amp;ssl=1 1400w\" sizes=\"auto, (max-width: 700px) 100vw, 700px\" \/><\/figure><div class=\"wp-block-media-text__content\">\n<p class=\"has-normal-font-size wp-block-paragraph\">Petit- <strong><em>d\u00e9jeuner<\/em><\/strong> <em><strong>\u00e0 miCielo<\/strong><\/em> &#8230; pour le petit-d\u00e9jeuner, il y a du pain et des confitures maison, des jus naturels, des fruits et l\u00e9gumes de saison, du fromage, du miel et du jambon du quartier.<\/p>\n<\/div><\/div>\n\n<p class=\"wp-block-paragraph\"><\/p>\n\n<div class=\"wp-block-media-text alignwide has-media-on-the-right is-stacked-on-mobile\" style=\"grid-template-columns:auto 29%\"><div class=\"wp-block-media-text__content\">\n<p class=\"has-normal-font-size wp-block-paragraph\">Nous servons notre petit d\u00e9jeuner sur de petites tables individuelles sous les pins. <\/p>\n<\/div><figure class=\"wp-block-media-text__media\"><img data-recalc-dims=\"1\" loading=\"lazy\" decoding=\"async\" width=\"682\" height=\"1024\" src=\"https:\/\/i0.wp.com\/micielo.es\/wp-content\/uploads\/2021\/01\/Fru%CC%88hstu%CC%88cksPlatz.jpg?resize=682%2C1024&#038;ssl=1\" alt=\"\" class=\"wp-image-1942 size-full\" srcset=\"https:\/\/i0.wp.com\/micielo.es\/wp-content\/uploads\/2021\/01\/Fru%CC%88hstu%CC%88cksPlatz.jpg?resize=682%2C1024&amp;ssl=1 682w, https:\/\/i0.wp.com\/micielo.es\/wp-content\/uploads\/2021\/01\/Fru%CC%88hstu%CC%88cksPlatz.jpg?resize=200%2C300&amp;ssl=1 200w, https:\/\/i0.wp.com\/micielo.es\/wp-content\/uploads\/2021\/01\/Fru%CC%88hstu%CC%88cksPlatz.jpg?resize=768%2C1152&amp;ssl=1 768w, https:\/\/i0.wp.com\/micielo.es\/wp-content\/uploads\/2021\/01\/Fru%CC%88hstu%CC%88cksPlatz.jpg?resize=1024%2C1536&amp;ssl=1 1024w, https:\/\/i0.wp.com\/micielo.es\/wp-content\/uploads\/2021\/01\/Fru%CC%88hstu%CC%88cksPlatz.jpg?resize=772%2C1158&amp;ssl=1 772w, https:\/\/i0.wp.com\/micielo.es\/wp-content\/uploads\/2021\/01\/Fru%CC%88hstu%CC%88cksPlatz.jpg?resize=820%2C1230&amp;ssl=1 820w, https:\/\/i0.wp.com\/micielo.es\/wp-content\/uploads\/2021\/01\/Fru%CC%88hstu%CC%88cksPlatz.jpg?resize=128%2C192&amp;ssl=1 128w, https:\/\/i0.wp.com\/micielo.es\/wp-content\/uploads\/2021\/01\/Fru%CC%88hstu%CC%88cksPlatz.jpg?w=1111&amp;ssl=1 1111w\" sizes=\"auto, (max-width: 682px) 100vw, 682px\" \/><\/figure><\/div>\n\n<p class=\"wp-block-paragraph\"><\/p>\n\n<div class=\"wp-block-media-text alignwide is-stacked-on-mobile is-vertically-aligned-center\" style=\"grid-template-columns:28% auto\"><figure class=\"wp-block-media-text__media\"><img data-recalc-dims=\"1\" loading=\"lazy\" decoding=\"async\" width=\"700\" height=\"1244\" src=\"https:\/\/i0.wp.com\/micielo.es\/wp-content\/uploads\/2021\/04\/20200816_100636-rotated.jpg?resize=700%2C1244&#038;ssl=1\" alt=\"\" class=\"wp-image-2212 size-full\" srcset=\"https:\/\/i0.wp.com\/micielo.es\/wp-content\/uploads\/2021\/04\/20200816_100636-rotated.jpg?w=2592&amp;ssl=1 2592w, https:\/\/i0.wp.com\/micielo.es\/wp-content\/uploads\/2021\/04\/20200816_100636-rotated.jpg?resize=169%2C300&amp;ssl=1 169w, https:\/\/i0.wp.com\/micielo.es\/wp-content\/uploads\/2021\/04\/20200816_100636-rotated.jpg?resize=576%2C1024&amp;ssl=1 576w, https:\/\/i0.wp.com\/micielo.es\/wp-content\/uploads\/2021\/04\/20200816_100636-rotated.jpg?resize=768%2C1365&amp;ssl=1 768w, https:\/\/i0.wp.com\/micielo.es\/wp-content\/uploads\/2021\/04\/20200816_100636-rotated.jpg?resize=864%2C1536&amp;ssl=1 864w, https:\/\/i0.wp.com\/micielo.es\/wp-content\/uploads\/2021\/04\/20200816_100636-rotated.jpg?resize=1152%2C2048&amp;ssl=1 1152w, https:\/\/i0.wp.com\/micielo.es\/wp-content\/uploads\/2021\/04\/20200816_100636-rotated.jpg?resize=1200%2C2133&amp;ssl=1 1200w, https:\/\/i0.wp.com\/micielo.es\/wp-content\/uploads\/2021\/04\/20200816_100636-rotated.jpg?resize=772%2C1372&amp;ssl=1 772w, https:\/\/i0.wp.com\/micielo.es\/wp-content\/uploads\/2021\/04\/20200816_100636-rotated.jpg?resize=692%2C1230&amp;ssl=1 692w, https:\/\/i0.wp.com\/micielo.es\/wp-content\/uploads\/2021\/04\/20200816_100636-rotated.jpg?resize=108%2C192&amp;ssl=1 108w, https:\/\/i0.wp.com\/micielo.es\/wp-content\/uploads\/2021\/04\/20200816_100636-rotated.jpg?w=1400&amp;ssl=1 1400w, https:\/\/i0.wp.com\/micielo.es\/wp-content\/uploads\/2021\/04\/20200816_100636-rotated.jpg?w=2100&amp;ssl=1 2100w\" sizes=\"auto, (max-width: 700px) 100vw, 700px\" \/><\/figure><div class=\"wp-block-media-text__content\">\n<p class=\"wp-block-paragraph\"><strong>\n  <em>Petit d\u00e9jeuner<\/em>\n<\/strong>: <strong>\n  <em>13\u20ac<\/em>\n<\/strong> <strong>\n  <em>Adulte\/ 9\u20ac<\/em>\n<\/strong> <strong>\n  <em>Enfants <\/em>\n<\/strong>(jusqu&rsquo;au 10\u00e8me anniversaire)<\/p>\n\n\n\n<p class=\"wp-block-paragraph\"><\/p>\n\n\n\n<p class=\"wp-block-paragraph\">Pr\u00e9-inscription n\u00e9cessaire: <a href=\"mailto:info@micielo.es\">info@mici\u00e9lo.es<\/a><\/p>\n<\/div><\/div>\n\n<div class=\"wp-block-media-text alignwide has-media-on-the-right is-stacked-on-mobile\" style=\"grid-template-columns:auto 45%\"><div class=\"wp-block-media-text__content\">\n<p class=\"has-normal-font-size wp-block-paragraph\"><strong><em>D\u00eener au miCielo<\/em><\/strong> &#8211; <strong>uniquement sur demande<\/strong>   <\/p>\n\n\n\n<p class=\"has-normal-font-size wp-block-paragraph\">Nous cuisinons un repas vari\u00e9 et sain, pour que chacun puisse trouver quelque chose. Une option v\u00e9g\u00e9tarienne est une \u00e9vidence pour nous.<\/p>\n<\/div><figure class=\"wp-block-media-text__media\"><img data-recalc-dims=\"1\" loading=\"lazy\" decoding=\"async\" width=\"700\" height=\"526\" src=\"https:\/\/i0.wp.com\/micielo.es\/wp-content\/uploads\/2021\/04\/Abendessen_Quiche.jpg?resize=700%2C526&#038;ssl=1\" alt=\"\" class=\"wp-image-2213 size-full\" srcset=\"https:\/\/i0.wp.com\/micielo.es\/wp-content\/uploads\/2021\/04\/Abendessen_Quiche.jpg?resize=1024%2C769&amp;ssl=1 1024w, https:\/\/i0.wp.com\/micielo.es\/wp-content\/uploads\/2021\/04\/Abendessen_Quiche.jpg?resize=300%2C225&amp;ssl=1 300w, https:\/\/i0.wp.com\/micielo.es\/wp-content\/uploads\/2021\/04\/Abendessen_Quiche.jpg?resize=768%2C577&amp;ssl=1 768w, https:\/\/i0.wp.com\/micielo.es\/wp-content\/uploads\/2021\/04\/Abendessen_Quiche.jpg?resize=1536%2C1153&amp;ssl=1 1536w, https:\/\/i0.wp.com\/micielo.es\/wp-content\/uploads\/2021\/04\/Abendessen_Quiche.jpg?resize=2048%2C1538&amp;ssl=1 2048w, https:\/\/i0.wp.com\/micielo.es\/wp-content\/uploads\/2021\/04\/Abendessen_Quiche.jpg?resize=1200%2C901&amp;ssl=1 1200w, https:\/\/i0.wp.com\/micielo.es\/wp-content\/uploads\/2021\/04\/Abendessen_Quiche.jpg?resize=800%2C600&amp;ssl=1 800w, https:\/\/i0.wp.com\/micielo.es\/wp-content\/uploads\/2021\/04\/Abendessen_Quiche.jpg?resize=400%2C300&amp;ssl=1 400w, https:\/\/i0.wp.com\/micielo.es\/wp-content\/uploads\/2021\/04\/Abendessen_Quiche.jpg?resize=200%2C150&amp;ssl=1 200w, https:\/\/i0.wp.com\/micielo.es\/wp-content\/uploads\/2021\/04\/Abendessen_Quiche.jpg?resize=772%2C580&amp;ssl=1 772w, https:\/\/i0.wp.com\/micielo.es\/wp-content\/uploads\/2021\/04\/Abendessen_Quiche.jpg?resize=1230%2C924&amp;ssl=1 1230w, https:\/\/i0.wp.com\/micielo.es\/wp-content\/uploads\/2021\/04\/Abendessen_Quiche.jpg?resize=256%2C192&amp;ssl=1 256w, https:\/\/i0.wp.com\/micielo.es\/wp-content\/uploads\/2021\/04\/Abendessen_Quiche.jpg?w=1400&amp;ssl=1 1400w, https:\/\/i0.wp.com\/micielo.es\/wp-content\/uploads\/2021\/04\/Abendessen_Quiche.jpg?w=2100&amp;ssl=1 2100w\" sizes=\"auto, (max-width: 700px) 100vw, 700px\" \/><\/figure><\/div>\n\n<p class=\"wp-block-paragraph\"><\/p>\n\n<p class=\"wp-block-paragraph\"><\/p>\n\n<div class=\"wp-block-media-text alignwide is-stacked-on-mobile\"><figure class=\"wp-block-media-text__media\"><img data-recalc-dims=\"1\" decoding=\"async\" src=\"https:\/\/i0.wp.com\/micielo.es\/wp-content\/uploads\/2019\/10\/6b2a1-gartensalat-1.jpg?w=700&#038;ssl=1\" alt=\"\" class=\"wp-image-1065 size-full\"\/><\/figure><div class=\"wp-block-media-text__content\">\n<p class=\"has-normal-font-size wp-block-paragraph\">Pour nos plats, nous utilisons des produits de la r\u00e9gion, des l\u00e9gumes et des fruits de notre jardin, ainsi que des herbes sauvages et des fleurs comestibles.<\/p>\n<\/div><\/div>\n\n<p class=\"wp-block-paragraph\"><\/p>\n\n<div class=\"wp-block-media-text alignwide has-media-on-the-right is-stacked-on-mobile\" style=\"grid-template-columns:auto 30%\"><div class=\"wp-block-media-text__content\">\n<p class=\"has-normal-font-size wp-block-paragraph\">Nous proposons entre autres des boissons aux repas<br\/>Vin de la petite Bodega \u00e9cologique Sancha Perez \u00e0 Conil, bi\u00e8re de la r\u00e9gion, jus de fruits et limonades maison, eau du puits de la maison.<\/p>\n<\/div><figure class=\"wp-block-media-text__media\"><img data-recalc-dims=\"1\" decoding=\"async\" src=\"https:\/\/i0.wp.com\/micielo.es\/wp-content\/uploads\/2019\/12\/d605c-20190911_204014-1.jpg?w=700&#038;ssl=1\" alt=\"\" class=\"wp-image-1163 size-full\"\/><\/figure><\/div>\n\n<p class=\"wp-block-paragraph\"><\/p>\n\n<p class=\"wp-block-paragraph\"><\/p>\n\n<p class=\"wp-block-paragraph\"><\/p>\n\n<div class=\"wp-block-media-text alignwide has-media-on-the-right is-stacked-on-mobile\"><div class=\"wp-block-media-text__content\">\n<p class=\"has-normal-font-size wp-block-paragraph\"><strong>tartes<\/strong> <strong>et g\u00e2teaux<\/strong><\/p>\n\n\n\n<p class=\"wp-block-paragraph\"><\/p>\n\n\n\n<p class=\"wp-block-paragraph\"><em><strong>Au bord de la piscine et \u00e0 l&rsquo;ombre des pins nous servons des g\u00e2teaux maison, du caf\u00e9, des tisanes du jardin, des limonades maison, de la bi\u00e8re, du vin&#8230;<\/strong><\/em><\/p>\n\n\n\n<p class=\"wp-block-paragraph\">Vous pouvez en savoir plus sur les g\u00e2teaux que nous proposons et leurs prix ici : <em><strong><a href=\"https:\/\/micielo.es\/fr\/4040-2\/micielo-dulce\/\">micielodulce<\/a><\/strong><\/em><\/p>\n<\/div><figure class=\"wp-block-media-text__media\"><img data-recalc-dims=\"1\" loading=\"lazy\" decoding=\"async\" width=\"700\" height=\"394\" src=\"https:\/\/i0.wp.com\/micielo.es\/wp-content\/uploads\/2019\/12\/b5265-20191004_183432.jpg?resize=700%2C394&#038;ssl=1\" alt=\"\" class=\"wp-image-1166 size-full\" srcset=\"https:\/\/i0.wp.com\/micielo.es\/wp-content\/uploads\/2019\/12\/b5265-20191004_183432.jpg?w=3264&amp;ssl=1 3264w, https:\/\/i0.wp.com\/micielo.es\/wp-content\/uploads\/2019\/12\/b5265-20191004_183432.jpg?resize=300%2C169&amp;ssl=1 300w, https:\/\/i0.wp.com\/micielo.es\/wp-content\/uploads\/2019\/12\/b5265-20191004_183432.jpg?resize=1024%2C576&amp;ssl=1 1024w, https:\/\/i0.wp.com\/micielo.es\/wp-content\/uploads\/2019\/12\/b5265-20191004_183432.jpg?resize=768%2C432&amp;ssl=1 768w, https:\/\/i0.wp.com\/micielo.es\/wp-content\/uploads\/2019\/12\/b5265-20191004_183432.jpg?resize=1536%2C864&amp;ssl=1 1536w, https:\/\/i0.wp.com\/micielo.es\/wp-content\/uploads\/2019\/12\/b5265-20191004_183432.jpg?resize=2048%2C1152&amp;ssl=1 2048w, https:\/\/i0.wp.com\/micielo.es\/wp-content\/uploads\/2019\/12\/b5265-20191004_183432.jpg?resize=1200%2C675&amp;ssl=1 1200w, https:\/\/i0.wp.com\/micielo.es\/wp-content\/uploads\/2019\/12\/b5265-20191004_183432.jpg?resize=1980%2C1114&amp;ssl=1 1980w, https:\/\/i0.wp.com\/micielo.es\/wp-content\/uploads\/2019\/12\/b5265-20191004_183432.jpg?w=1400&amp;ssl=1 1400w, https:\/\/i0.wp.com\/micielo.es\/wp-content\/uploads\/2019\/12\/b5265-20191004_183432.jpg?w=2100&amp;ssl=1 2100w\" sizes=\"auto, (max-width: 700px) 100vw, 700px\" \/><\/figure><\/div>\n\n<p class=\"wp-block-paragraph\"><\/p>\n","protected":false},"excerpt":{"rendered":"<p>miCielo Culinaire Nous cuisinons avec passion et avec joie, avec des produits r\u00e9gionaux, de saison et, si possible, bio. Nous utilisons des l\u00e9gumes et des herbes de notre jardin pour nos plats. Nous cuisinons toujours frais et de saison. Nous cuisinons pour diff\u00e9rentes occasions : Petit- d\u00e9jeuner \u00e0 miCielo &#8230; pour le petit-d\u00e9jeuner, il y &hellip; <a href=\"https:\/\/micielo.es\/fr\/micielo-culinaire\/\" class=\"more-link\">Continuer la lecture de <span class=\"screen-reader-text\">miCielo Culinaire<\/span><\/a><\/p>\n","protected":false},"author":117018168,"featured_media":3869,"parent":0,"menu_order":0,"comment_status":"closed","ping_status":"closed","template":"","meta":{"_coblocks_attr":"","_coblocks_dimensions":"","_coblocks_responsive_height":"","_coblocks_accordion_ie_support":"","_crdt_document":"","advanced_seo_description":"","jetpack_seo_html_title":"","jetpack_seo_noindex":false,"footnotes":""},"class_list":["post-3865","page","type-page","status-publish","has-post-thumbnail","hentry"],"jetpack_likes_enabled":false,"jetpack_sharing_enabled":true,"jetpack_shortlink":"https:\/\/wp.me\/P8oH4K-10l","amp_enabled":true,"_links":{"self":[{"href":"https:\/\/micielo.es\/fr\/wp-json\/wp\/v2\/pages\/3865","targetHints":{"allow":["GET"]}}],"collection":[{"href":"https:\/\/micielo.es\/fr\/wp-json\/wp\/v2\/pages"}],"about":[{"href":"https:\/\/micielo.es\/fr\/wp-json\/wp\/v2\/types\/page"}],"author":[{"embeddable":true,"href":"https:\/\/micielo.es\/fr\/wp-json\/wp\/v2\/users\/117018168"}],"replies":[{"embeddable":true,"href":"https:\/\/micielo.es\/fr\/wp-json\/wp\/v2\/comments?post=3865"}],"version-history":[{"count":4,"href":"https:\/\/micielo.es\/fr\/wp-json\/wp\/v2\/pages\/3865\/revisions"}],"predecessor-version":[{"id":7239,"href":"https:\/\/micielo.es\/fr\/wp-json\/wp\/v2\/pages\/3865\/revisions\/7239"}],"wp:featuredmedia":[{"embeddable":true,"href":"https:\/\/micielo.es\/fr\/wp-json\/wp\/v2\/media\/3869"}],"wp:attachment":[{"href":"https:\/\/micielo.es\/fr\/wp-json\/wp\/v2\/media?parent=3865"}],"curies":[{"name":"wp","href":"https:\/\/api.w.org\/{rel}","templated":true}]}}