{"id":3867,"date":"2017-05-11T11:38:37","date_gmt":"2017-05-11T11:38:37","guid":{"rendered":"https:\/\/micielo.es\/feliz-cumple\/"},"modified":"2024-01-18T13:07:47","modified_gmt":"2024-01-18T13:07:47","slug":"feliz-cumple","status":"publish","type":"page","link":"https:\/\/micielo.es\/fr\/4040-2\/feliz-cumple\/","title":{"rendered":"Feliz Cumple"},"content":{"rendered":"\n<div class=\"wp-block-media-text alignwide has-media-on-the-right is-stacked-on-mobile\"><div class=\"wp-block-media-text__content\">\n<p class=\"has-luminous-vivid-amber-color has-text-color has-medium-font-size wp-block-paragraph\"><strong><em>organis\u00e9 pour la fiesta de cumplea\u00f1os<\/em><\/strong><\/p>\n\n\n\n<p class=\"wp-block-paragraph\">pour les enfants et les enfants de 4 \u00e0 12\u00a0ans<\/p>\n\n\n\n<p class=\"wp-block-paragraph\">la finca mi cielo es un espacio pr\u00e9par\u00e9e pour ni\u00f5s y ni\u00f1as\u00a0: <\/p>\n\n\n\n<p class=\"wp-block-paragraph\">cama elastica, cinta de equilibrio, casita de \u00e1rbol, gatitos, mucho terreno para jugar y correr, piscina y muchos jugetes para juegos a aire libre&#8230;<\/p>\n<\/div><figure class=\"wp-block-media-text__media\"><img data-recalc-dims=\"1\" loading=\"lazy\" decoding=\"async\" width=\"620\" height=\"874\" src=\"https:\/\/i0.wp.com\/micielo.es\/wp-content\/uploads\/2019\/12\/be860-cumple_flyer_seite2.jpg?resize=620%2C874&#038;ssl=1\" alt=\"\" class=\"wp-image-1159 size-full\" srcset=\"https:\/\/i0.wp.com\/micielo.es\/wp-content\/uploads\/2019\/12\/be860-cumple_flyer_seite2.jpg?w=620&amp;ssl=1 620w, https:\/\/i0.wp.com\/micielo.es\/wp-content\/uploads\/2019\/12\/be860-cumple_flyer_seite2.jpg?resize=213%2C300&amp;ssl=1 213w\" sizes=\"auto, (max-width: 620px) 100vw, 620px\" \/><\/figure><\/div>\n\n<div class=\"wp-block-media-text alignwide is-stacked-on-mobile\"><figure class=\"wp-block-media-text__media\"><img data-recalc-dims=\"1\" loading=\"lazy\" decoding=\"async\" width=\"620\" height=\"874\" src=\"https:\/\/i0.wp.com\/micielo.es\/wp-content\/uploads\/2019\/12\/7a8d3-cumple_flyer_seite210.jpg?resize=620%2C874&#038;ssl=1\" alt=\"\" class=\"wp-image-1160 size-full\" srcset=\"https:\/\/i0.wp.com\/micielo.es\/wp-content\/uploads\/2019\/12\/7a8d3-cumple_flyer_seite210.jpg?w=620&amp;ssl=1 620w, https:\/\/i0.wp.com\/micielo.es\/wp-content\/uploads\/2019\/12\/7a8d3-cumple_flyer_seite210.jpg?resize=213%2C300&amp;ssl=1 213w\" sizes=\"auto, (max-width: 620px) 100vw, 620px\" \/><\/figure><div class=\"wp-block-media-text__content\">\n<p class=\"has-normal-font-size wp-block-paragraph\"><em>manuelidades artesanales<\/em><\/p>\n\n\n\n<p class=\"wp-block-paragraph\"><em>jeux dans la naturaleza<\/em><\/p>\n\n\n\n<p class=\"wp-block-paragraph\"><em>yincana &#8211; la b\u00fasqueda de desoro<\/em><\/p>\n\n\n\n<p class=\"wp-block-paragraph\"><em>Merendola ecologica et saludable<\/em><\/p>\n\n\n\n<p class=\"wp-block-paragraph\"><em>Tarta casera<\/em><\/p>\n\n\n\n<p class=\"wp-block-paragraph\"><em>pi\u00f1ata<\/em><\/p>\n<\/div><\/div>\n\n<p class=\"wp-block-paragraph\"><\/p>\n\n<p class=\"wp-block-paragraph\"><em>ofrecemos los Cumplea\u00f1os solo en temporada baja<\/em> (octubre hasta mayo)<\/p>\n","protected":false},"excerpt":{"rendered":"<p>organis\u00e9 pour la fiesta de cumplea\u00f1os pour les enfants et les enfants de 4 \u00e0 12\u00a0ans la finca mi cielo es un espacio pr\u00e9par\u00e9e pour ni\u00f5s y ni\u00f1as\u00a0: cama elastica, cinta de equilibrio, casita de \u00e1rbol, gatitos, mucho terreno para jugar y correr, piscina y muchos jugetes para juegos a aire libre&#8230; manuelidades artesanales jeux &hellip; <a href=\"https:\/\/micielo.es\/fr\/4040-2\/feliz-cumple\/\" class=\"more-link\">Continuer la lecture de <span class=\"screen-reader-text\">Feliz Cumple<\/span><\/a><\/p>\n","protected":false},"author":117018168,"featured_media":3871,"parent":4040,"menu_order":0,"comment_status":"closed","ping_status":"closed","template":"","meta":{"_coblocks_attr":"","_coblocks_dimensions":"","_coblocks_responsive_height":"","_coblocks_accordion_ie_support":"","_crdt_document":"","advanced_seo_description":"","jetpack_seo_html_title":"","jetpack_seo_noindex":false,"footnotes":""},"class_list":["post-3867","page","type-page","status-publish","has-post-thumbnail","hentry"],"jetpack_likes_enabled":false,"jetpack_sharing_enabled":true,"jetpack_shortlink":"https:\/\/wp.me\/P8oH4K-10n","amp_enabled":true,"_links":{"self":[{"href":"https:\/\/micielo.es\/fr\/wp-json\/wp\/v2\/pages\/3867","targetHints":{"allow":["GET"]}}],"collection":[{"href":"https:\/\/micielo.es\/fr\/wp-json\/wp\/v2\/pages"}],"about":[{"href":"https:\/\/micielo.es\/fr\/wp-json\/wp\/v2\/types\/page"}],"author":[{"embeddable":true,"href":"https:\/\/micielo.es\/fr\/wp-json\/wp\/v2\/users\/117018168"}],"replies":[{"embeddable":true,"href":"https:\/\/micielo.es\/fr\/wp-json\/wp\/v2\/comments?post=3867"}],"version-history":[{"count":2,"href":"https:\/\/micielo.es\/fr\/wp-json\/wp\/v2\/pages\/3867\/revisions"}],"predecessor-version":[{"id":7121,"href":"https:\/\/micielo.es\/fr\/wp-json\/wp\/v2\/pages\/3867\/revisions\/7121"}],"up":[{"embeddable":true,"href":"https:\/\/micielo.es\/fr\/wp-json\/wp\/v2\/pages\/4040"}],"wp:featuredmedia":[{"embeddable":true,"href":"https:\/\/micielo.es\/fr\/wp-json\/wp\/v2\/media\/3871"}],"wp:attachment":[{"href":"https:\/\/micielo.es\/fr\/wp-json\/wp\/v2\/media?parent=3867"}],"curies":[{"name":"wp","href":"https:\/\/api.w.org\/{rel}","templated":true}]}}