{"id":3885,"date":"2017-05-16T13:42:21","date_gmt":"2017-05-16T13:42:21","guid":{"rendered":"https:\/\/micielo.es\/contact\/"},"modified":"2023-01-25T14:01:37","modified_gmt":"2023-01-25T14:01:37","slug":"contact","status":"publish","type":"page","link":"https:\/\/micielo.es\/fr\/4040-2\/contact\/","title":{"rendered":"Contact"},"content":{"rendered":"\n<p class=\"wp-block-paragraph\">Si vous souhaitez nous contacter, \u00e9crivez-nous simplement un <strong>e-mail<\/strong> :<\/p>\n\n<p class=\"has-text-color wp-block-paragraph\" style=\"color:#05730e\"><a href=\"mailto:info@micielo.es\"><strong>info@micielo.es<\/strong><\/a><\/p>\n\n<p class=\"wp-block-paragraph\">ou appelez-nous :<\/p>\n\n<p class=\"wp-block-paragraph\">T\u00e9l\u00e9phone : Espagne : <strong>0034 611 19 56 77<\/strong> (Lilith)<\/p>\n\n<p class=\"wp-block-paragraph\">T\u00e9l\u00e9phone : Autriche : <strong>0043 676 40 48 932<\/strong> (Andrea)<\/p>\n\n<p class=\"wp-block-paragraph\"><\/p>\n\n<p class=\"wp-block-paragraph\"><strong><em>Adresse:<\/em><\/strong><\/p>\n\n<div class=\"wp-block-group\"><div class=\"wp-block-group__inner-container is-layout-flow wp-block-group-is-layout-flow\">\n<p class=\"wp-block-paragraph\" style=\"line-height:1.3\">AMAMIC &#8211; Asociaci\u00f3n Medioambiental MiCielo<\/p>\n\n\n\n<p class=\"wp-block-paragraph\" style=\"line-height:1.3\">Carril de los Marchantes s\/n<\/p>\n\n\n\n<p class=\"wp-block-paragraph\" style=\"line-height:1.3\">11150 Vejer de la Frontera, Cadix, Espa\u00f1a<\/p>\n<\/div><\/div>\n\n<p class=\"wp-block-paragraph\"><\/p>\n\n<p class=\"wp-block-paragraph\"><strong><em>Coordonn\u00e9es bancaires: <\/em><\/strong><\/p>\n\n<p class=\"wp-block-paragraph\"><strong><em>Tiroler Sparkasse (Autriche)<\/em><\/strong><\/p>\n\n<p class=\"wp-block-paragraph\">Lilith Cammerlander<\/p>\n\n<p class=\"wp-block-paragraph\">IBAN AT44 2050 3033 0077 3649<\/p>\n\n<p class=\"wp-block-paragraph\"><\/p>\n\n\t\t<div class=\"coblocks-form\" id=\"ec51d46f7595234d113fa2a707a2572c6ce9ff1f\">\n\n\t\t\t\n\t\t\t<form action=\"https:\/\/micielo.es\/fr\/4040-2\/contact\/#ec51d46f7595234d113fa2a707a2572c6ce9ff1f\" method=\"post\">\n\t\t\t\t\n<div class=\"wp-block-coblocks-form\"><label class=\"coblocks-label\">Name<\/label>\n\t\t<input type=\"hidden\" name=\"field-name[label]\" value=\"Name\">\n\n\t\t\t\t<input type=\"hidden\" id=\"name-field-id\" name=\"name-field-id\" class=\"coblocks-name-field-id\" value=\"field-name\" \/>\n\t\t\n\t\t<input type=\"text\" id=\"name\" name=\"field-name[value]\" class=\"coblocks-field coblocks-field--name\"  \/>\n\n\t\t\n\n<label class=\"coblocks-label\">Email <span class=\"required\">&#042;<\/span><\/label>\n\t\t<input type=\"hidden\" name=\"field-email[label]\" value=\"Email\">\n\n\t\t\n\t\t<input type=\"hidden\" id=\"email-field-id\" name=\"email-field-id\" class=\"coblocks-email-field-id\" value=\"field-email\" \/>\n\t\t<input type=\"email\" id=\"email\" aria-label=\"Email\" name=\"field-email[value]\" class=\"coblocks-field coblocks-field--email\" required \/>\n\n\t\t\n\n<label class=\"coblocks-label\">Message <span class=\"required\">&#042;<\/span><\/label>\n\t\t<input type=\"hidden\" name=\"field-message[label]\" value=\"Message\">\n\n\t\t\n\t\t<textarea name=\"field-message[value]\" aria-label=\"Message\" id=\"message\" class=\"coblocks-field coblocks-textarea\" rows=\"20\" required><\/textarea>\n\n\t\t\n\n\n\t\t<div class=\"coblocks-form__submit wp-block-button\">\n\t\t\t<button type=\"submit\" class=\"wp-block-button__link\" style=\"\">senden<\/button>\n\t\t\t<input type=\"hidden\" id=\"form-submit\" name=\"form-submit\" value=\"e65f369224\" \/><input type=\"hidden\" name=\"_wp_http_referer\" value=\"\/fr\/wp-json\/wp\/v2\/pages\/3885\" \/>\t\t\t<input type=\"hidden\" name=\"action\" value=\"coblocks-form-submit\">\n\n\t\t\t\t\t<\/div>\n\n\t\t<\/div>\n\t\t\t\t<input class=\"coblocks-field verify\" aria-label=\"Enter your email address to verify\" type=\"email\" name=\"coblocks-verify-email\" autocomplete=\"off\" placeholder=\"E-mail\" tabindex=\"-1\">\n\t\t\t\t<input type=\"hidden\" name=\"form-hash\" value=\"ec51d46f7595234d113fa2a707a2572c6ce9ff1f\">\n\n\t\t\t\t\t\t\t<\/form>\n\n\t\t<\/div>\n\n\t\t\n<p class=\"wp-block-paragraph\"><\/p>\n","protected":false},"excerpt":{"rendered":"<p>Si vous souhaitez nous contacter, \u00e9crivez-nous simplement un e-mail : info@micielo.es ou appelez-nous : T\u00e9l\u00e9phone : Espagne : 0034 611 19 56 77 (Lilith) T\u00e9l\u00e9phone : Autriche : 0043 676 40 48 932 (Andrea) Adresse: AMAMIC &#8211; Asociaci\u00f3n Medioambiental MiCielo Carril de los Marchantes s\/n 11150 Vejer de la Frontera, Cadix, Espa\u00f1a Coordonn\u00e9es bancaires: Tiroler &hellip; <a href=\"https:\/\/micielo.es\/fr\/4040-2\/contact\/\" class=\"more-link\">Continuer la lecture de <span class=\"screen-reader-text\">Contact<\/span><\/a><\/p>\n","protected":false},"author":117018168,"featured_media":3889,"parent":4040,"menu_order":0,"comment_status":"closed","ping_status":"closed","template":"","meta":{"_coblocks_attr":"","_coblocks_dimensions":"","_coblocks_responsive_height":"","_coblocks_accordion_ie_support":"","_crdt_document":"","advanced_seo_description":"","jetpack_seo_html_title":"","jetpack_seo_noindex":false,"footnotes":""},"class_list":["post-3885","page","type-page","status-publish","has-post-thumbnail","hentry"],"jetpack_likes_enabled":false,"jetpack_sharing_enabled":true,"jetpack_shortlink":"https:\/\/wp.me\/P8oH4K-10F","amp_enabled":true,"_links":{"self":[{"href":"https:\/\/micielo.es\/fr\/wp-json\/wp\/v2\/pages\/3885","targetHints":{"allow":["GET"]}}],"collection":[{"href":"https:\/\/micielo.es\/fr\/wp-json\/wp\/v2\/pages"}],"about":[{"href":"https:\/\/micielo.es\/fr\/wp-json\/wp\/v2\/types\/page"}],"author":[{"embeddable":true,"href":"https:\/\/micielo.es\/fr\/wp-json\/wp\/v2\/users\/117018168"}],"replies":[{"embeddable":true,"href":"https:\/\/micielo.es\/fr\/wp-json\/wp\/v2\/comments?post=3885"}],"version-history":[{"count":6,"href":"https:\/\/micielo.es\/fr\/wp-json\/wp\/v2\/pages\/3885\/revisions"}],"predecessor-version":[{"id":6351,"href":"https:\/\/micielo.es\/fr\/wp-json\/wp\/v2\/pages\/3885\/revisions\/6351"}],"up":[{"embeddable":true,"href":"https:\/\/micielo.es\/fr\/wp-json\/wp\/v2\/pages\/4040"}],"wp:featuredmedia":[{"embeddable":true,"href":"https:\/\/micielo.es\/fr\/wp-json\/wp\/v2\/media\/3889"}],"wp:attachment":[{"href":"https:\/\/micielo.es\/fr\/wp-json\/wp\/v2\/media?parent=3885"}],"curies":[{"name":"wp","href":"https:\/\/api.w.org\/{rel}","templated":true}]}}