{"id":3972,"date":"2021-01-24T17:24:22","date_gmt":"2021-01-24T17:24:22","guid":{"rendered":"https:\/\/micielo.es\/micielo-exclusif\/"},"modified":"2023-01-30T12:08:41","modified_gmt":"2023-01-30T12:08:41","slug":"micielo-exclusif","status":"publish","type":"page","link":"https:\/\/micielo.es\/fr\/micielo-exclusif\/","title":{"rendered":"miCielo &#8211; exclusif"},"content":{"rendered":"\n<div aria-label=\"Carousel Gallery\" class=\"wp-block-coblocks-gallery-carousel\"><div class=\"coblocks-gallery-carousel-swiper-container is-cropped coblocks-gallery has-no-alignment has-caption-style-dark has-horizontal-gutter has-no-thumbnails\"><div class=\"has-carousel has-carousel-lrg swiper-container\" data-swiper=\"{\"alignCells\":false,\"autoPlay\":false,\"autoPlaySpeed\":3000,\"draggable\":true,\"freeMode\":false,\"loop\":false,\"navigation\":true,\"pageDots\":false,\"pauseHover\":false,\"responsiveHeight\":false,\"slidesPerView\":2,\"thumbnails\":false,\"uuid\":\"12345\"}\" style=\"height:400px\"><div class=\"swiper-wrapper\"><div class=\"swiper-slide\"><div class=\"coblocks-gallery--item\" role=\"button\" tabindex=\"0\"><figure class=\"coblocks-gallery--figure has-margin-left-5 has-margin-left-mobile-5 has-margin-right-5 has-margin-right-mobile-5\"><img data-recalc-dims=\"1\" height=\"1024\" width=\"683\" decoding=\"async\" alt=\"\" class=\"wp-image-1944\" data-id=\"1944\" data-link=\"https:\/\/micielo.es\/ha%cc%88ngematte\/\" src=\"https:\/\/i0.wp.com\/micielo.es\/wp-content\/uploads\/2021\/01\/Ha%CC%88ngematte-683x1024.jpg?resize=683%2C1024&#038;ssl=1\"><\/figure><figcaption class=\"coblocks-gallery--caption coblocks-gallery--primary-caption\"><\/figcaption><\/div><\/div><div class=\"swiper-slide\"><div class=\"coblocks-gallery--item\" role=\"button\" tabindex=\"1\"><figure class=\"coblocks-gallery--figure has-margin-left-5 has-margin-left-mobile-5 has-margin-right-5 has-margin-right-mobile-5\"><img data-recalc-dims=\"1\" loading=\"lazy\" decoding=\"async\" width=\"682\" height=\"1024\" alt=\"\" class=\"wp-image-1945\" data-id=\"1945\" data-link=\"https:\/\/micielo.es\/nave\/\" src=\"https:\/\/i0.wp.com\/micielo.es\/wp-content\/uploads\/2021\/01\/Nave.jpg?resize=682%2C1024&#038;ssl=1\" srcset=\"https:\/\/i0.wp.com\/micielo.es\/wp-content\/uploads\/2021\/01\/Nave.jpg?resize=682%2C1024&amp;ssl=1 682w, https:\/\/i0.wp.com\/micielo.es\/wp-content\/uploads\/2021\/01\/Nave.jpg?resize=200%2C300&amp;ssl=1 200w, https:\/\/i0.wp.com\/micielo.es\/wp-content\/uploads\/2021\/01\/Nave.jpg?resize=768%2C1152&amp;ssl=1 768w, https:\/\/i0.wp.com\/micielo.es\/wp-content\/uploads\/2021\/01\/Nave.jpg?resize=1024%2C1536&amp;ssl=1 1024w, https:\/\/i0.wp.com\/micielo.es\/wp-content\/uploads\/2021\/01\/Nave.jpg?resize=772%2C1158&amp;ssl=1 772w, https:\/\/i0.wp.com\/micielo.es\/wp-content\/uploads\/2021\/01\/Nave.jpg?resize=820%2C1230&amp;ssl=1 820w, https:\/\/i0.wp.com\/micielo.es\/wp-content\/uploads\/2021\/01\/Nave.jpg?resize=128%2C192&amp;ssl=1 128w, https:\/\/i0.wp.com\/micielo.es\/wp-content\/uploads\/2021\/01\/Nave.jpg?w=1083&amp;ssl=1 1083w\" sizes=\"auto, (max-width: 682px) 100vw, 682px\" \/><\/figure><figcaption class=\"coblocks-gallery--caption coblocks-gallery--primary-caption\"><\/figcaption><\/div><\/div><div class=\"swiper-slide\"><div class=\"coblocks-gallery--item\" role=\"button\" tabindex=\"2\"><figure class=\"coblocks-gallery--figure has-margin-left-5 has-margin-left-mobile-5 has-margin-right-5 has-margin-right-mobile-5\"><img data-recalc-dims=\"1\" loading=\"lazy\" decoding=\"async\" width=\"700\" height=\"467\" alt=\"\" class=\"wp-image-2315\" data-id=\"2315\" src=\"https:\/\/i0.wp.com\/micielo.es\/wp-content\/uploads\/2022\/01\/DSCF3665.jpg?resize=700%2C467&#038;ssl=1\" srcset=\"https:\/\/i0.wp.com\/micielo.es\/wp-content\/uploads\/2022\/01\/DSCF3665.jpg?resize=1024%2C683&amp;ssl=1 1024w, https:\/\/i0.wp.com\/micielo.es\/wp-content\/uploads\/2022\/01\/DSCF3665.jpg?resize=300%2C200&amp;ssl=1 300w, https:\/\/i0.wp.com\/micielo.es\/wp-content\/uploads\/2022\/01\/DSCF3665.jpg?resize=768%2C512&amp;ssl=1 768w, https:\/\/i0.wp.com\/micielo.es\/wp-content\/uploads\/2022\/01\/DSCF3665.jpg?resize=1536%2C1024&amp;ssl=1 1536w, https:\/\/i0.wp.com\/micielo.es\/wp-content\/uploads\/2022\/01\/DSCF3665.jpg?resize=2048%2C1366&amp;ssl=1 2048w, https:\/\/i0.wp.com\/micielo.es\/wp-content\/uploads\/2022\/01\/DSCF3665.jpg?resize=1200%2C800&amp;ssl=1 1200w, https:\/\/i0.wp.com\/micielo.es\/wp-content\/uploads\/2022\/01\/DSCF3665.jpg?resize=772%2C515&amp;ssl=1 772w, https:\/\/i0.wp.com\/micielo.es\/wp-content\/uploads\/2022\/01\/DSCF3665.jpg?resize=1230%2C820&amp;ssl=1 1230w, https:\/\/i0.wp.com\/micielo.es\/wp-content\/uploads\/2022\/01\/DSCF3665.jpg?resize=288%2C192&amp;ssl=1 288w, https:\/\/i0.wp.com\/micielo.es\/wp-content\/uploads\/2022\/01\/DSCF3665.jpg?w=1400&amp;ssl=1 1400w, https:\/\/i0.wp.com\/micielo.es\/wp-content\/uploads\/2022\/01\/DSCF3665.jpg?w=2100&amp;ssl=1 2100w\" sizes=\"auto, (max-width: 700px) 100vw, 700px\" \/><\/figure><figcaption class=\"coblocks-gallery--caption coblocks-gallery--primary-caption\"><\/figcaption><\/div><\/div><div class=\"swiper-slide\"><div class=\"coblocks-gallery--item\" role=\"button\" tabindex=\"3\"><figure class=\"coblocks-gallery--figure has-margin-left-5 has-margin-left-mobile-5 has-margin-right-5 has-margin-right-mobile-5\"><img data-recalc-dims=\"1\" loading=\"lazy\" decoding=\"async\" width=\"682\" height=\"1024\" alt=\"\" class=\"wp-image-1940\" data-id=\"1940\" data-link=\"https:\/\/micielo.es\/casilla-salvia\/\" src=\"https:\/\/i0.wp.com\/micielo.es\/wp-content\/uploads\/2021\/01\/Casilla-Salvia.jpg?resize=682%2C1024&#038;ssl=1\" srcset=\"https:\/\/i0.wp.com\/micielo.es\/wp-content\/uploads\/2021\/01\/Casilla-Salvia.jpg?resize=682%2C1024&amp;ssl=1 682w, https:\/\/i0.wp.com\/micielo.es\/wp-content\/uploads\/2021\/01\/Casilla-Salvia.jpg?resize=200%2C300&amp;ssl=1 200w, https:\/\/i0.wp.com\/micielo.es\/wp-content\/uploads\/2021\/01\/Casilla-Salvia.jpg?resize=768%2C1152&amp;ssl=1 768w, https:\/\/i0.wp.com\/micielo.es\/wp-content\/uploads\/2021\/01\/Casilla-Salvia.jpg?resize=1024%2C1536&amp;ssl=1 1024w, https:\/\/i0.wp.com\/micielo.es\/wp-content\/uploads\/2021\/01\/Casilla-Salvia.jpg?resize=772%2C1158&amp;ssl=1 772w, https:\/\/i0.wp.com\/micielo.es\/wp-content\/uploads\/2021\/01\/Casilla-Salvia.jpg?resize=820%2C1230&amp;ssl=1 820w, https:\/\/i0.wp.com\/micielo.es\/wp-content\/uploads\/2021\/01\/Casilla-Salvia.jpg?resize=128%2C192&amp;ssl=1 128w, https:\/\/i0.wp.com\/micielo.es\/wp-content\/uploads\/2021\/01\/Casilla-Salvia.jpg?w=1083&amp;ssl=1 1083w\" sizes=\"auto, (max-width: 682px) 100vw, 682px\" \/><\/figure><figcaption class=\"coblocks-gallery--caption coblocks-gallery--primary-caption\"><\/figcaption><\/div><\/div><div class=\"swiper-slide\"><div class=\"coblocks-gallery--item\" role=\"button\" tabindex=\"4\"><figure class=\"coblocks-gallery--figure has-margin-left-5 has-margin-left-mobile-5 has-margin-right-5 has-margin-right-mobile-5\"><img data-recalc-dims=\"1\" loading=\"lazy\" decoding=\"async\" width=\"700\" height=\"525\" alt=\"\" class=\"wp-image-1796\" data-id=\"1796\" data-link=\"https:\/\/micielo.es\/tienda-romero\/whatsapp-image-2020-06-09-at-19-12-43-3-2\/\" src=\"https:\/\/i0.wp.com\/micielo.es\/wp-content\/uploads\/2020\/06\/WhatsApp-Image-2020-06-09-at-19.12.43-3-1.jpeg?resize=700%2C525&#038;ssl=1\" srcset=\"https:\/\/i0.wp.com\/micielo.es\/wp-content\/uploads\/2020\/06\/WhatsApp-Image-2020-06-09-at-19.12.43-3-1.jpeg?resize=1024%2C768&amp;ssl=1 1024w, https:\/\/i0.wp.com\/micielo.es\/wp-content\/uploads\/2020\/06\/WhatsApp-Image-2020-06-09-at-19.12.43-3-1.jpeg?resize=300%2C225&amp;ssl=1 300w, https:\/\/i0.wp.com\/micielo.es\/wp-content\/uploads\/2020\/06\/WhatsApp-Image-2020-06-09-at-19.12.43-3-1.jpeg?resize=768%2C576&amp;ssl=1 768w, https:\/\/i0.wp.com\/micielo.es\/wp-content\/uploads\/2020\/06\/WhatsApp-Image-2020-06-09-at-19.12.43-3-1.jpeg?resize=1536%2C1152&amp;ssl=1 1536w, https:\/\/i0.wp.com\/micielo.es\/wp-content\/uploads\/2020\/06\/WhatsApp-Image-2020-06-09-at-19.12.43-3-1.jpeg?resize=1200%2C900&amp;ssl=1 1200w, https:\/\/i0.wp.com\/micielo.es\/wp-content\/uploads\/2020\/06\/WhatsApp-Image-2020-06-09-at-19.12.43-3-1.jpeg?resize=800%2C600&amp;ssl=1 800w, https:\/\/i0.wp.com\/micielo.es\/wp-content\/uploads\/2020\/06\/WhatsApp-Image-2020-06-09-at-19.12.43-3-1.jpeg?resize=400%2C300&amp;ssl=1 400w, https:\/\/i0.wp.com\/micielo.es\/wp-content\/uploads\/2020\/06\/WhatsApp-Image-2020-06-09-at-19.12.43-3-1.jpeg?resize=200%2C150&amp;ssl=1 200w, https:\/\/i0.wp.com\/micielo.es\/wp-content\/uploads\/2020\/06\/WhatsApp-Image-2020-06-09-at-19.12.43-3-1.jpeg?resize=772%2C579&amp;ssl=1 772w, https:\/\/i0.wp.com\/micielo.es\/wp-content\/uploads\/2020\/06\/WhatsApp-Image-2020-06-09-at-19.12.43-3-1.jpeg?resize=1230%2C923&amp;ssl=1 1230w, https:\/\/i0.wp.com\/micielo.es\/wp-content\/uploads\/2020\/06\/WhatsApp-Image-2020-06-09-at-19.12.43-3-1.jpeg?resize=256%2C192&amp;ssl=1 256w, https:\/\/i0.wp.com\/micielo.es\/wp-content\/uploads\/2020\/06\/WhatsApp-Image-2020-06-09-at-19.12.43-3-1.jpeg?w=1600&amp;ssl=1 1600w, https:\/\/i0.wp.com\/micielo.es\/wp-content\/uploads\/2020\/06\/WhatsApp-Image-2020-06-09-at-19.12.43-3-1.jpeg?w=1400&amp;ssl=1 1400w\" sizes=\"auto, (max-width: 700px) 100vw, 700px\" \/><\/figure><figcaption class=\"coblocks-gallery--caption coblocks-gallery--primary-caption\"><\/figcaption><\/div><\/div><div class=\"swiper-slide\"><div class=\"coblocks-gallery--item\" role=\"button\" tabindex=\"5\"><figure class=\"coblocks-gallery--figure has-margin-left-5 has-margin-left-mobile-5 has-margin-right-5 has-margin-right-mobile-5\"><img data-recalc-dims=\"1\" loading=\"lazy\" decoding=\"async\" width=\"700\" height=\"525\" alt=\"\" class=\"wp-image-1286\" data-id=\"1286\" data-link=\"https:\/\/micielo.es\/casa-calendula\/img-20190928-wa0010\/\" src=\"https:\/\/i0.wp.com\/micielo.es\/wp-content\/uploads\/2019\/12\/2744f-img-20190928-wa0010.jpg?resize=700%2C525&#038;ssl=1\" srcset=\"https:\/\/i0.wp.com\/micielo.es\/wp-content\/uploads\/2019\/12\/2744f-img-20190928-wa0010.jpg?resize=1024%2C768&amp;ssl=1 1024w, https:\/\/i0.wp.com\/micielo.es\/wp-content\/uploads\/2019\/12\/2744f-img-20190928-wa0010.jpg?resize=300%2C225&amp;ssl=1 300w, https:\/\/i0.wp.com\/micielo.es\/wp-content\/uploads\/2019\/12\/2744f-img-20190928-wa0010.jpg?resize=768%2C576&amp;ssl=1 768w, https:\/\/i0.wp.com\/micielo.es\/wp-content\/uploads\/2019\/12\/2744f-img-20190928-wa0010.jpg?resize=1536%2C1152&amp;ssl=1 1536w, https:\/\/i0.wp.com\/micielo.es\/wp-content\/uploads\/2019\/12\/2744f-img-20190928-wa0010.jpg?resize=1200%2C900&amp;ssl=1 1200w, https:\/\/i0.wp.com\/micielo.es\/wp-content\/uploads\/2019\/12\/2744f-img-20190928-wa0010.jpg?resize=800%2C600&amp;ssl=1 800w, https:\/\/i0.wp.com\/micielo.es\/wp-content\/uploads\/2019\/12\/2744f-img-20190928-wa0010.jpg?resize=400%2C300&amp;ssl=1 400w, https:\/\/i0.wp.com\/micielo.es\/wp-content\/uploads\/2019\/12\/2744f-img-20190928-wa0010.jpg?resize=200%2C150&amp;ssl=1 200w, https:\/\/i0.wp.com\/micielo.es\/wp-content\/uploads\/2019\/12\/2744f-img-20190928-wa0010.jpg?w=1600&amp;ssl=1 1600w, https:\/\/i0.wp.com\/micielo.es\/wp-content\/uploads\/2019\/12\/2744f-img-20190928-wa0010.jpg?w=1400&amp;ssl=1 1400w\" sizes=\"auto, (max-width: 700px) 100vw, 700px\" \/><\/figure><figcaption class=\"coblocks-gallery--caption coblocks-gallery--primary-caption\"><\/figcaption><\/div><\/div><div class=\"swiper-slide\"><div class=\"coblocks-gallery--item\" role=\"button\" tabindex=\"6\"><figure class=\"coblocks-gallery--figure has-margin-left-5 has-margin-left-mobile-5 has-margin-right-5 has-margin-right-mobile-5\"><img data-recalc-dims=\"1\" loading=\"lazy\" decoding=\"async\" width=\"700\" height=\"394\" alt=\"\" class=\"wp-image-2350\" data-id=\"2350\" src=\"https:\/\/i0.wp.com\/micielo.es\/wp-content\/uploads\/2022\/01\/20210326_160637.jpg?resize=700%2C394&#038;ssl=1\" srcset=\"https:\/\/i0.wp.com\/micielo.es\/wp-content\/uploads\/2022\/01\/20210326_160637.jpg?resize=1024%2C576&amp;ssl=1 1024w, https:\/\/i0.wp.com\/micielo.es\/wp-content\/uploads\/2022\/01\/20210326_160637.jpg?resize=300%2C169&amp;ssl=1 300w, https:\/\/i0.wp.com\/micielo.es\/wp-content\/uploads\/2022\/01\/20210326_160637.jpg?resize=768%2C432&amp;ssl=1 768w, https:\/\/i0.wp.com\/micielo.es\/wp-content\/uploads\/2022\/01\/20210326_160637.jpg?resize=1536%2C864&amp;ssl=1 1536w, https:\/\/i0.wp.com\/micielo.es\/wp-content\/uploads\/2022\/01\/20210326_160637.jpg?resize=2048%2C1152&amp;ssl=1 2048w, https:\/\/i0.wp.com\/micielo.es\/wp-content\/uploads\/2022\/01\/20210326_160637.jpg?resize=1200%2C675&amp;ssl=1 1200w, https:\/\/i0.wp.com\/micielo.es\/wp-content\/uploads\/2022\/01\/20210326_160637.jpg?resize=772%2C434&amp;ssl=1 772w, https:\/\/i0.wp.com\/micielo.es\/wp-content\/uploads\/2022\/01\/20210326_160637.jpg?resize=1230%2C692&amp;ssl=1 1230w, https:\/\/i0.wp.com\/micielo.es\/wp-content\/uploads\/2022\/01\/20210326_160637.jpg?resize=314%2C177&amp;ssl=1 314w, https:\/\/i0.wp.com\/micielo.es\/wp-content\/uploads\/2022\/01\/20210326_160637.jpg?w=1400&amp;ssl=1 1400w, https:\/\/i0.wp.com\/micielo.es\/wp-content\/uploads\/2022\/01\/20210326_160637.jpg?w=2100&amp;ssl=1 2100w\" sizes=\"auto, (max-width: 700px) 100vw, 700px\" \/><\/figure><figcaption class=\"coblocks-gallery--caption coblocks-gallery--primary-caption\"><\/figcaption><\/div><\/div><div class=\"swiper-slide\"><div class=\"coblocks-gallery--item\" role=\"button\" tabindex=\"7\"><figure class=\"coblocks-gallery--figure has-margin-left-5 has-margin-left-mobile-5 has-margin-right-5 has-margin-right-mobile-5\"><img data-recalc-dims=\"1\" loading=\"lazy\" decoding=\"async\" width=\"700\" height=\"467\" alt=\"\" class=\"wp-image-2371\" data-id=\"2371\" src=\"https:\/\/i0.wp.com\/micielo.es\/wp-content\/uploads\/2022\/01\/DSCF4144.jpg?resize=700%2C467&#038;ssl=1\" srcset=\"https:\/\/i0.wp.com\/micielo.es\/wp-content\/uploads\/2022\/01\/DSCF4144.jpg?resize=1024%2C683&amp;ssl=1 1024w, https:\/\/i0.wp.com\/micielo.es\/wp-content\/uploads\/2022\/01\/DSCF4144.jpg?resize=300%2C200&amp;ssl=1 300w, https:\/\/i0.wp.com\/micielo.es\/wp-content\/uploads\/2022\/01\/DSCF4144.jpg?resize=768%2C512&amp;ssl=1 768w, https:\/\/i0.wp.com\/micielo.es\/wp-content\/uploads\/2022\/01\/DSCF4144.jpg?resize=1536%2C1024&amp;ssl=1 1536w, https:\/\/i0.wp.com\/micielo.es\/wp-content\/uploads\/2022\/01\/DSCF4144.jpg?resize=2048%2C1365&amp;ssl=1 2048w, https:\/\/i0.wp.com\/micielo.es\/wp-content\/uploads\/2022\/01\/DSCF4144.jpg?resize=1200%2C800&amp;ssl=1 1200w, https:\/\/i0.wp.com\/micielo.es\/wp-content\/uploads\/2022\/01\/DSCF4144.jpg?resize=772%2C515&amp;ssl=1 772w, https:\/\/i0.wp.com\/micielo.es\/wp-content\/uploads\/2022\/01\/DSCF4144.jpg?resize=1230%2C820&amp;ssl=1 1230w, https:\/\/i0.wp.com\/micielo.es\/wp-content\/uploads\/2022\/01\/DSCF4144.jpg?resize=288%2C192&amp;ssl=1 288w, https:\/\/i0.wp.com\/micielo.es\/wp-content\/uploads\/2022\/01\/DSCF4144.jpg?w=1400&amp;ssl=1 1400w, https:\/\/i0.wp.com\/micielo.es\/wp-content\/uploads\/2022\/01\/DSCF4144.jpg?w=2100&amp;ssl=1 2100w\" sizes=\"auto, (max-width: 700px) 100vw, 700px\" \/><\/figure><figcaption class=\"coblocks-gallery--caption coblocks-gallery--primary-caption\"><\/figcaption><\/div><\/div><div class=\"swiper-slide\"><div class=\"coblocks-gallery--item\" role=\"button\" tabindex=\"8\"><figure class=\"coblocks-gallery--figure has-margin-left-5 has-margin-left-mobile-5 has-margin-right-5 has-margin-right-mobile-5\"><img data-recalc-dims=\"1\" loading=\"lazy\" decoding=\"async\" width=\"683\" height=\"1024\" alt=\"\" class=\"wp-image-1946\" data-id=\"1946\" data-link=\"https:\/\/micielo.es\/reckstange\/\" src=\"https:\/\/i0.wp.com\/micielo.es\/wp-content\/uploads\/2021\/01\/Reckstange.jpg?resize=683%2C1024&#038;ssl=1\" srcset=\"https:\/\/i0.wp.com\/micielo.es\/wp-content\/uploads\/2021\/01\/Reckstange.jpg?resize=683%2C1024&amp;ssl=1 683w, https:\/\/i0.wp.com\/micielo.es\/wp-content\/uploads\/2021\/01\/Reckstange.jpg?resize=200%2C300&amp;ssl=1 200w, https:\/\/i0.wp.com\/micielo.es\/wp-content\/uploads\/2021\/01\/Reckstange.jpg?resize=768%2C1152&amp;ssl=1 768w, https:\/\/i0.wp.com\/micielo.es\/wp-content\/uploads\/2021\/01\/Reckstange.jpg?resize=1024%2C1536&amp;ssl=1 1024w, https:\/\/i0.wp.com\/micielo.es\/wp-content\/uploads\/2021\/01\/Reckstange.jpg?resize=772%2C1158&amp;ssl=1 772w, https:\/\/i0.wp.com\/micielo.es\/wp-content\/uploads\/2021\/01\/Reckstange.jpg?resize=820%2C1230&amp;ssl=1 820w, https:\/\/i0.wp.com\/micielo.es\/wp-content\/uploads\/2021\/01\/Reckstange.jpg?resize=128%2C192&amp;ssl=1 128w, https:\/\/i0.wp.com\/micielo.es\/wp-content\/uploads\/2021\/01\/Reckstange.jpg?w=1134&amp;ssl=1 1134w\" sizes=\"auto, (max-width: 683px) 100vw, 683px\" \/><\/figure><figcaption class=\"coblocks-gallery--caption coblocks-gallery--primary-caption\"><\/figcaption><\/div><\/div><\/div><button class=\"nav-button__prev\" id=\"12345-prev\"><svg class=\"icon\" style=\"transform:rotate(180deg)\"><\/svg><\/button><button class=\"nav-button__next\" id=\"12345-next\"><svg class=\"icon\"><\/svg><\/button><\/div><\/div><\/div>\n\n<p class=\"wp-block-paragraph\"><\/p>\n\n<div class=\"wp-block-group has-small-padding has-background\" style=\"background-color:#039e9b\"><div class=\"wp-block-group__inner-container is-layout-flow wp-block-group-is-layout-flow\">\n<p class=\"has-text-color has-normal-font-size wp-block-paragraph\" style=\"color:#dcf5eb\">&#8230; louer l&rsquo;ensemble du projet avec tous ses logements et installations. Rendez-vous exclusif et insouciant avec des amis ou toute la famille. Nous proposons de petits logements individuels avec une piscine d&rsquo;eau sal\u00e9e priv\u00e9e, des aires de jeux pour enfants, un parking priv\u00e9 et des installations ind\u00e9pendantes.<\/p>\n\n\n\n<p class=\"has-text-color has-normal-font-size wp-block-paragraph\" style=\"color:#cbf8e7\"><strong>Nous pouvons accueillir environ 14 personnes au total :<\/strong><\/p>\n\n\n\n<div class=\"wp-block-group\"><div class=\"wp-block-group__inner-container is-layout-flow wp-block-group-is-layout-flow\">\n<div class=\"wp-block-group\"><div class=\"wp-block-group__inner-container is-layout-flow wp-block-group-is-layout-flow\">\n<p class=\"has-text-color wp-block-paragraph\" style=\"color:#cbf8e7\">Cabane dans les arbres Calendula (lit double (1,80m) + lit suppl\u00e9mentaire (1,20m))<\/p>\n\n\n\n<p class=\"has-text-color wp-block-paragraph\" style=\"color:#cbf8e7\">Cabane dans les arbres Lavanda (3 lits (2x90cm + 1x 1,20m))<\/p>\n\n\n\n<p class=\"has-text-color wp-block-paragraph\" style=\"color:#cbf8e7\">Tente Romero (lit double (1,60m) + lit suppl\u00e9mentaire (1,20m)<\/p>\n\n\n\n<p class=\"has-text-color wp-block-paragraph\" style=\"color:#cbf8e7\">Casa Menta (lit double (1,60m) + lit suppl\u00e9mentaire (1,50m))  <\/p>\n\n\n\n<p class=\"has-text-color wp-block-paragraph\" style=\"color:#cbf8e7\">Casilla Salvia (lit double fran\u00e7ais -1,40m)<\/p>\n\n\n\n<p class=\"has-text-color wp-block-paragraph\" style=\"color:#d4f3e7\">piscine d&rsquo;eau sal\u00e9e priv\u00e9e<\/p>\n<\/div><\/div>\n<\/div><\/div>\n\n\n\n<div class=\"wp-block-group\"><div class=\"wp-block-group__inner-container is-layout-flow wp-block-group-is-layout-flow\">\n<p class=\"has-text-color wp-block-paragraph\" style=\"color:#d4f3e7\">Sanitaires, cuisine et salle \u00e0 manger pour s&rsquo;exprimer<\/p>\n\n\n\n<p class=\"has-text-color wp-block-paragraph\" style=\"color:#cbf8e7\">parking gratuit<\/p>\n\n\n\n<p class=\"wp-block-paragraph\"><\/p>\n<\/div><\/div>\n\n\n\n<p class=\"has-text-color wp-block-paragraph\" style=\"color:#f0dc27\"><em><em><em><em><em>Minimum de r\u00e9servation haute saison : (juillet\/ao\u00fbt) 1 semaine.<\/em><\/em><\/em><\/em><\/em><\/p>\n\n\n\n<p class=\"has-text-color wp-block-paragraph\" style=\"color:#f0dc27\"><strong>Nous sommes \u00e0 votre disposition pour toute demande de renseignements et informations tarifaires ! <\/strong><\/p>\n\n\n\n<p class=\"has-text-color has-background has-arial-font-family has-custom-font has-custom-weight wp-block-paragraph\" style=\"color:#8fe58f;background-color:#06603b;font-family:Arial;font-weight:bold\"><em><a href=\"https:\/\/micielo.es\/fr\/4040-2\/contact\/\">Contactez nous s&rsquo;il vous plait&#8230;<\/a><\/em><\/p>\n<\/div><\/div>\n\n<p class=\"wp-block-paragraph\"><\/p>\n","protected":false},"excerpt":{"rendered":"<p>&#8230; louer l&rsquo;ensemble du projet avec tous ses logements et installations. Rendez-vous exclusif et insouciant avec des amis ou toute la famille. Nous proposons de petits logements individuels avec une piscine d&rsquo;eau sal\u00e9e priv\u00e9e, des aires de jeux pour enfants, un parking priv\u00e9 et des installations ind\u00e9pendantes. Nous pouvons accueillir environ 14 personnes au total &hellip; <a href=\"https:\/\/micielo.es\/fr\/micielo-exclusif\/\" class=\"more-link\">Continuer la lecture de <span class=\"screen-reader-text\">miCielo &#8211; exclusif<\/span><\/a><\/p>\n","protected":false},"author":117018168,"featured_media":3933,"parent":0,"menu_order":0,"comment_status":"closed","ping_status":"closed","template":"","meta":{"_coblocks_attr":"","_coblocks_dimensions":"","_coblocks_responsive_height":"","_coblocks_accordion_ie_support":"","_crdt_document":"","advanced_seo_description":"","jetpack_seo_html_title":"","jetpack_seo_noindex":false,"footnotes":""},"class_list":["post-3972","page","type-page","status-publish","has-post-thumbnail","hentry"],"jetpack_likes_enabled":false,"jetpack_sharing_enabled":true,"jetpack_shortlink":"https:\/\/wp.me\/P8oH4K-124","amp_enabled":true,"_links":{"self":[{"href":"https:\/\/micielo.es\/fr\/wp-json\/wp\/v2\/pages\/3972","targetHints":{"allow":["GET"]}}],"collection":[{"href":"https:\/\/micielo.es\/fr\/wp-json\/wp\/v2\/pages"}],"about":[{"href":"https:\/\/micielo.es\/fr\/wp-json\/wp\/v2\/types\/page"}],"author":[{"embeddable":true,"href":"https:\/\/micielo.es\/fr\/wp-json\/wp\/v2\/users\/117018168"}],"replies":[{"embeddable":true,"href":"https:\/\/micielo.es\/fr\/wp-json\/wp\/v2\/comments?post=3972"}],"version-history":[{"count":5,"href":"https:\/\/micielo.es\/fr\/wp-json\/wp\/v2\/pages\/3972\/revisions"}],"predecessor-version":[{"id":6386,"href":"https:\/\/micielo.es\/fr\/wp-json\/wp\/v2\/pages\/3972\/revisions\/6386"}],"wp:featuredmedia":[{"embeddable":true,"href":"https:\/\/micielo.es\/fr\/wp-json\/wp\/v2\/media\/3933"}],"wp:attachment":[{"href":"https:\/\/micielo.es\/fr\/wp-json\/wp\/v2\/media?parent=3972"}],"curies":[{"name":"wp","href":"https:\/\/api.w.org\/{rel}","templated":true}]}}